{"id":1222,"date":"2024-12-20T16:50:44","date_gmt":"2024-12-20T16:50:44","guid":{"rendered":"https:\/\/www.airtrans-sc.cn\/?page_id=1222"},"modified":"2024-12-20T16:56:37","modified_gmt":"2024-12-20T16:56:37","slug":"sea-freight","status":"publish","type":"page","link":"https:\/\/www.airtrans-sc.cn\/ch\/seefracht\/","title":{"rendered":"Seefracht"},"content":{"rendered":"<section class='page-content' style=''  ><section class='container'><div class='row' style=''><div class='col-md-12 triggerAnimation animated' style='' data-animate='fadeInUp'><div class='custom-heading02'>\r\n                            <h2>SEEFRACHT<\/h2>\r\n                            <p>Airtrans Supply Chain (Shenzhen) Co.,Ltd.<\/p>\r\n                        <\/div><\/div><\/div><div class='row' style=''><div class='col-md-12 triggerAnimation animated' style='' data-animate='fadeInUp'><div class='cma-wysiwyg-editor'><div class=\"cma-wysiwyg-editor\"><p>Airtrans Supply Chain bietet Transportl\u00f6sungen f\u00fcr Vollcontainerladungen (FCL), kleinere Containerladungen (LCL), Roll-on-Roll-off-Fahrzeugtransporte (RoRo) und St\u00fcckgut (BB). Der Schwerpunkt liegt auf dem Export aus China in die ganze Welt \u00fcber Shenzhen und Guangzhou, aber auch auf dem Import von Fracht aus S\u00fcdostasien, Europa und den USA nach China, sowohl konventionelle als auch verderbliche Fracht in K\u00fchlcontainern.<\/p><\/div><div class=\"cma-wysiwyg-editor\"><p>Airtrans Supply Chain ist ein registrierter NVOCC (Non Vessel Operating Common Carrier). Dies bedeutet, dass Airtrans Supply Chain unsere eigenen Hausfrachtbriefe ausstellen kann.<\/p><\/div><div class=\"cma-wysiwyg-editor\"><p>Durch unser starkes internationales Agentennetzwerk bieten wir Ihnen jeden zus\u00e4tzlichen Service, den Sie bei diesem Verkehrstr\u00e4ger ben\u00f6tigen. Ob Exportverpackung, IMO (Gefahrgut)-Dokumentation und -Verpackung, Kauf von Containern oder deren Bef\u00fcllung, wir unterst\u00fctzen Sie gerne.<\/p><\/div><\/div><\/div><\/div><div class='row' style=''><div class='col-md-12 empty' style='' ><\/div><\/div><\/section><\/section>","protected":false},"excerpt":{"rendered":"","protected":false},"author":1,"featured_media":0,"parent":0,"menu_order":0,"comment_status":"closed","ping_status":"closed","template":"","meta":{"inline_featured_image":false,"footnotes":""},"class_list":["post-1222","page","type-page","status-publish","hentry"],"_links":{"self":[{"href":"https:\/\/www.airtrans-sc.cn\/ch\/wp-json\/wp\/v2\/pages\/1222","targetHints":{"allow":["GET"]}}],"collection":[{"href":"https:\/\/www.airtrans-sc.cn\/ch\/wp-json\/wp\/v2\/pages"}],"about":[{"href":"https:\/\/www.airtrans-sc.cn\/ch\/wp-json\/wp\/v2\/types\/page"}],"author":[{"embeddable":true,"href":"https:\/\/www.airtrans-sc.cn\/ch\/wp-json\/wp\/v2\/users\/1"}],"replies":[{"embeddable":true,"href":"https:\/\/www.airtrans-sc.cn\/ch\/wp-json\/wp\/v2\/comments?post=1222"}],"version-history":[{"count":2,"href":"https:\/\/www.airtrans-sc.cn\/ch\/wp-json\/wp\/v2\/pages\/1222\/revisions"}],"predecessor-version":[{"id":1225,"href":"https:\/\/www.airtrans-sc.cn\/ch\/wp-json\/wp\/v2\/pages\/1222\/revisions\/1225"}],"wp:attachment":[{"href":"https:\/\/www.airtrans-sc.cn\/ch\/wp-json\/wp\/v2\/media?parent=1222"}],"curies":[{"name":"wp","href":"https:\/\/api.w.org\/{rel}","templated":true}]}}