{"id":1239,"date":"2024-12-20T17:04:07","date_gmt":"2024-12-20T17:04:07","guid":{"rendered":"https:\/\/www.airtrans-sc.cn\/?page_id=1239"},"modified":"2024-12-20T17:04:27","modified_gmt":"2024-12-20T17:04:27","slug":"road-transport","status":"publish","type":"page","link":"https:\/\/www.airtrans-sc.cn\/ch\/strasenverkehr\/","title":{"rendered":"Stra\u00dfenverkehr"},"content":{"rendered":"<section class='page-content' style=''  ><section class='container'><div class='row' style=''><div class='col-md-12 triggerAnimation animated' style='' data-animate='fadeInUp'><div class='custom-heading02'>\r\n                            <h2>STRASSENVERKEHR<\/h2>\r\n                            <p>Airtrans Supply Chain (Shenzhen) Co.,Ltd.<\/p>\r\n                        <\/div><\/div><\/div><div class='row' style=''><div class='col-md-12 triggerAnimation animated' style='' data-animate='fadeInUp'><div class='cma-wysiwyg-editor'><div class=\"cma-wysiwyg-editor\"><p>Jede Luft- und Seefracht erfordert in irgendeiner Phase einen Lkw-Transport. Entweder vor dem Abflug per Flugzeug oder Schiff f\u00fcr Exportsendungen oder bei der Ankunft oder Einfuhr. Deshalb hat Airtrans Supply Chain enge Beziehungen zu vielen Speditionsunternehmen, die ganz China abdecken. Unsere eigene Fahrzeugflotte verbleibt in der Regel in Shenzhen, um Ihnen dort zur Verf\u00fcgung zu stehen. Kombinierte Ladungen und Komplettladungen mit t\u00e4glichen Abfahrten k\u00f6nnen zwischen Shenzhen und jedem Flughafen in China angeboten werden.<\/p><\/div><div class=\"cma-wysiwyg-editor\"><p>Airtrans Supply Chain Logistics ist auch auf den Transport zwischen Shenzhen und Hongkong spezialisiert. Wir verf\u00fcgen \u00fcber ausreichend Fahrzeuge f\u00fcr den Hongkong-China-Express, um einen hochwertigen, sicheren und schnellen Service zu bieten.<\/p><\/div><div class=\"cma-wysiwyg-editor\"><p>Um den unterschiedlichen Kundenbed\u00fcrfnissen und Frachtgr\u00f6\u00dfen gerecht zu werden, koordinieren wir die entsprechenden LKWs oder konsolidieren die Fracht, um die Kosteneffizienz der Sendung zu gew\u00e4hrleisten. Gleichzeitig halten wir unsere Preise auf diesem Markt wettbewerbsf\u00e4hig.<\/p><\/div><div class=\"cma-wysiwyg-editor\"><p>Egal, ob es sich um Komplettladungen von Seefrachtcontainern, Paketzustellungen oder -abholungen oder Spezialtransporte handelt: Airtrans Supply Chain bietet Ihnen alles. Bitte z\u00f6gern Sie nicht, sich mit uns in Verbindung zu setzen, wenn Sie eine Anfrage haben.<\/p><\/div><\/div><\/div><\/div><\/section><\/section>","protected":false},"excerpt":{"rendered":"","protected":false},"author":1,"featured_media":0,"parent":0,"menu_order":0,"comment_status":"closed","ping_status":"closed","template":"","meta":{"inline_featured_image":false,"footnotes":""},"class_list":["post-1239","page","type-page","status-publish","hentry"],"_links":{"self":[{"href":"https:\/\/www.airtrans-sc.cn\/ch\/wp-json\/wp\/v2\/pages\/1239","targetHints":{"allow":["GET"]}}],"collection":[{"href":"https:\/\/www.airtrans-sc.cn\/ch\/wp-json\/wp\/v2\/pages"}],"about":[{"href":"https:\/\/www.airtrans-sc.cn\/ch\/wp-json\/wp\/v2\/types\/page"}],"author":[{"embeddable":true,"href":"https:\/\/www.airtrans-sc.cn\/ch\/wp-json\/wp\/v2\/users\/1"}],"replies":[{"embeddable":true,"href":"https:\/\/www.airtrans-sc.cn\/ch\/wp-json\/wp\/v2\/comments?post=1239"}],"version-history":[{"count":2,"href":"https:\/\/www.airtrans-sc.cn\/ch\/wp-json\/wp\/v2\/pages\/1239\/revisions"}],"predecessor-version":[{"id":1241,"href":"https:\/\/www.airtrans-sc.cn\/ch\/wp-json\/wp\/v2\/pages\/1239\/revisions\/1241"}],"wp:attachment":[{"href":"https:\/\/www.airtrans-sc.cn\/ch\/wp-json\/wp\/v2\/media?parent=1239"}],"curies":[{"name":"wp","href":"https:\/\/api.w.org\/{rel}","templated":true}]}}