{"id":1244,"date":"2024-12-20T17:07:00","date_gmt":"2024-12-20T17:07:00","guid":{"rendered":"https:\/\/www.airtrans-sc.cn\/?page_id=1244"},"modified":"2024-12-20T17:07:00","modified_gmt":"2024-12-20T17:07:00","slug":"warehousing","status":"publish","type":"page","link":"https:\/\/www.airtrans-sc.cn\/ch\/lagerhaltung\/","title":{"rendered":"Lagerhaltung"},"content":{"rendered":"<section class='page-content' style=''  ><section class='container'><div class='row' style=''><div class='col-md-12 triggerAnimation animated' style='' data-animate='fadeInUp'><div class='custom-heading02'>\r\n                            <h2>LAGERHAUS<\/h2>\r\n                            <p>Airtrans Supply Chain (Shenzhen) Co.,Ltd.<\/p>\r\n                        <\/div><\/div><\/div><div class='row' style=''><div class='col-md-12 triggerAnimation animated' style='' data-animate='fadeInUp'><div class='cma-wysiwyg-editor'><div class=\"cma-wysiwyg-editor\"><p>Airtrans Supply Chain kann jede Form der Lagerung anbieten, sei es f\u00fcr ein paar Tage oder f\u00fcr l\u00e4ngere Zeitr\u00e4ume. Unabh\u00e4ngig von Ihrer Produktpalette kann Airtrans Supply Chain Ihnen ma\u00dfgeschneiderte logistische L\u00f6sungen anbieten, die bei Bedarf besondere Anforderungen an Temperatur, Sicherheit und Zoll erf\u00fcllen.<\/p><\/div><div class=\"cma-wysiwyg-editor\"><p>F\u00fcr umfangreichere 3PL-Projekte, einschlie\u00dflich Auftragsabwicklung, WMS, Verpackung und Dokumentation, haben wir uns mit einem zuverl\u00e4ssigen Akteur in diesem Bereich zusammengetan. Dank unserer engen Beziehung zu diesem Unternehmen und der gro\u00dfen Anzahl zufriedener Kunden in unserer gemeinsamen Datenbank k\u00f6nnen wir Ihnen g\u00fcnstige Preise und eine flexible Abwicklung anbieten.<\/p><\/div><div class=\"cma-wysiwyg-editor\"><p>Unser Lagerteam ist gut geschult, um die verschiedenen Arten von G\u00fctern zu handhaben, die unsere Branche bietet.<\/p><p>+ 1000 Palettenpl\u00e4tze<\/p><p>+ 5000 m\u00b2 Nutzfl\u00e4che<\/p><p>Hochmodernes Warehouse Management System<\/p><\/div><\/div><\/div><\/div><\/section><\/section>","protected":false},"excerpt":{"rendered":"","protected":false},"author":1,"featured_media":0,"parent":0,"menu_order":0,"comment_status":"closed","ping_status":"closed","template":"","meta":{"inline_featured_image":false,"footnotes":""},"class_list":["post-1244","page","type-page","status-publish","hentry"],"_links":{"self":[{"href":"https:\/\/www.airtrans-sc.cn\/ch\/wp-json\/wp\/v2\/pages\/1244","targetHints":{"allow":["GET"]}}],"collection":[{"href":"https:\/\/www.airtrans-sc.cn\/ch\/wp-json\/wp\/v2\/pages"}],"about":[{"href":"https:\/\/www.airtrans-sc.cn\/ch\/wp-json\/wp\/v2\/types\/page"}],"author":[{"embeddable":true,"href":"https:\/\/www.airtrans-sc.cn\/ch\/wp-json\/wp\/v2\/users\/1"}],"replies":[{"embeddable":true,"href":"https:\/\/www.airtrans-sc.cn\/ch\/wp-json\/wp\/v2\/comments?post=1244"}],"version-history":[{"count":1,"href":"https:\/\/www.airtrans-sc.cn\/ch\/wp-json\/wp\/v2\/pages\/1244\/revisions"}],"predecessor-version":[{"id":1245,"href":"https:\/\/www.airtrans-sc.cn\/ch\/wp-json\/wp\/v2\/pages\/1244\/revisions\/1245"}],"wp:attachment":[{"href":"https:\/\/www.airtrans-sc.cn\/ch\/wp-json\/wp\/v2\/media?parent=1244"}],"curies":[{"name":"wp","href":"https:\/\/api.w.org\/{rel}","templated":true}]}}