{"id":142,"date":"2015-09-16T11:26:56","date_gmt":"2015-09-16T11:26:56","guid":{"rendered":"http:\/\/pixel-industry.com\/dummy_wp\/trucking\/?page_id=142"},"modified":"2024-12-20T16:22:24","modified_gmt":"2024-12-20T16:22:24","slug":"about-us","status":"publish","type":"page","link":"https:\/\/www.airtrans-sc.cn\/ch\/uber-uns\/","title":{"rendered":"\u00dcber uns"},"content":{"rendered":"<section class='page-content' style=''  ><section class='container'><div class='row' style=''><div class='col-md-12 triggerAnimation animated' style='' data-animate='fadeInUp'><div class='custom-heading02'>\r\n                            <h2>Wer wir sind<\/h2>\r\n                            <p>Airtrans Supply Chain (Shenzhen) Co.,Ltd.<\/p>\r\n                        <\/div><div class='custom-heading'>\r\n                            <h3>Unsere DNA<\/h3>                            \r\n                        <\/div><div class='cma-wysiwyg-editor'><p>Airtrans Supply Chain ist ein engagiertes Team von internationalen Speditionsfachleuten, die f\u00fcr unsere Kunden die Extrameile gehen. Wir agieren in einem hart umk\u00e4mpften Markt und sind bestrebt, den besten Wert in der Branche zu bieten. Unser Ziel ist es, Ihre Erwartungen immer wieder aufs Neue zu \u00fcbertreffen.<\/p><\/div><div class='custom-heading'>\r\n                            <h3>Zielgerichtet<\/h3>                            \r\n                        <\/div><div class='cma-wysiwyg-editor'><p>Wir sind bei allem, was wir tun, zielorientiert. Wir sind bestrebt, unsere Kunden bei der Erreichung ihrer Ziele zu unterst\u00fctzen, wobei die Kundenzufriedenheit ein wichtiges Ziel unserer Bem\u00fchungen ist. Mit dem Ziel vor Augen arbeiten wir mit Kunden, Partnern und Mitarbeitern zusammen, um den bestm\u00f6glichen Weg zur Erreichung dieses Ziels zu finden. Wir konzentrieren uns nicht auf die Mittel oder den Prozess, sondern darauf, die Aufgabe auf die bestm\u00f6gliche Art und Weise zu erledigen.<\/p><\/div><div class='custom-heading'>\r\n                            <h3>Netzwerk<\/h3>                            \r\n                        <\/div><div class='cma-wysiwyg-editor'><p>Airtrans Supply Chain ist stolz darauf, Teil mehrerer umfassender globaler Netzwerke von Frachtspezialisten zu sein, die sich gleicherma\u00dfen der Qualit\u00e4t verpflichtet f\u00fchlen. Mit unserem Hauptsitz in Shenzhen und unseren weltweiten Netzwerken k\u00f6nnen wir den Versand von allem, \u00fcberall und jederzeit garantieren.<\/p><\/div><div class='custom-heading'>\r\n                            <h3>Die Extrameile gehen<\/h3>                            \r\n                        <\/div><div class='cma-wysiwyg-editor'><p>Airtrans Supply Chain bietet jede Dienstleistung an. Von Lagerhaltung und Konsolidierung bis hin zu Luftfracht, Seefracht, Kurier- und Charterdiensten.\u00a0<a href=\"http:\/\/liftfreight.com\/contact\/\"><u>Wir sind rund um die Uhr f\u00fcr Sie da.<\/u><\/a><\/p><\/div><\/div><\/div><\/section><\/section><section class='page-content' style=''  ><section class='container'><div class='row' style=''><div class='col-md-12 triggerAnimation animated' style='' data-animate='fadeInUp'><div class='custom-heading02 simple'>\r\n                            <h2>ASC FACTS 2023<\/h2>\r\n                        <\/div><\/div><\/div><\/section><\/section><section class='page-content' style=''  ><section class='container'><div class='row' style='margin-bottom: -303px ;margin-top: 0px;'><div class='col-md-3 triggerAnimation animated' style='' data-animate='fadeInUp'><div class='numbers-counter'>                            \r\n                            <div class='counter-container'>\r\n                                <span class='timer number' data-to='948' data-speed='1500'>948<\/span>\r\n                            <\/div>\r\n                            \r\n                            <p>SHIPMENTS<\/p>\r\n                        <\/div><div class='services-element service-icon-center'>\r\n                            <div class='icon-container'>\r\n                                <div class='icon' >\r\n                                   <i class='fa fa fa-inbox'><\/i>\r\n                                <\/div>\r\n                            <\/div>\r\n\r\n                            <h4>\u3000<\/h4>\r\n\r\n                            <p><\/p>\r\n                        <\/div><\/div><div class='col-md-3 triggerAnimation animated' style='' data-animate='fadeInUp'><div class='numbers-counter'>                            \r\n                            <div class='counter-container'>\r\n                                <span class='timer number' data-to='856' data-speed='1500'>856<\/span>\r\n                            <\/div>\r\n                            \r\n                            <p>TONS<\/p>\r\n                        <\/div><div class='services-element service-icon-center'>\r\n                            <div class='icon-container'>\r\n                                <div class='icon' >\r\n                                   <i class='fa fa fa-plane'><\/i>\r\n                                <\/div>\r\n                            <\/div>\r\n\r\n                            <h4>\u3000<\/h4>\r\n\r\n                            <p><\/p>\r\n                        <\/div><\/div><div class='col-md-3 triggerAnimation animated' style='' data-animate='fadeInUp'><div class='numbers-counter'>                            \r\n                            <div class='counter-container'>\r\n                                <span class='timer number' data-to='162' data-speed='1500'>162<\/span>\r\n                            <\/div>\r\n                            \r\n                            <p>AKTIVE KUNDEN<\/p>\r\n                        <\/div><div class='services-element service-icon-center'>\r\n                            <div class='icon-container'>\r\n                                <div class='icon' >\r\n                                   <i class='fa fa fa-user'><\/i>\r\n                                <\/div>\r\n                            <\/div>\r\n\r\n                            <h4>\u3000<\/h4>\r\n\r\n                            <p><\/p>\r\n                        <\/div><\/div><div class='col-md-3 triggerAnimation animated' style='' data-animate='fadeInUp'><div class='numbers-counter'>                            \r\n                            <div class='counter-container'>\r\n                                <span class='timer number' data-to='29' data-speed='1500'>29<\/span>\r\n                            <\/div>\r\n                            \r\n                            <p>RANKING<\/p>\r\n                        <\/div><div class='services-element service-icon-center'>\r\n                            <div class='icon-container'>\r\n                                <div class='icon' >\r\n                                   <i class='fa fa fa-check'><\/i>\r\n                                <\/div>\r\n                            <\/div>\r\n\r\n                            <h4>\u3000<\/h4>\r\n\r\n                            <p><\/p>\r\n                        <\/div><\/div><\/div><\/section><\/section>","protected":false},"excerpt":{"rendered":"","protected":false},"author":1,"featured_media":0,"parent":0,"menu_order":0,"comment_status":"closed","ping_status":"closed","template":"","meta":{"inline_featured_image":false,"footnotes":""},"class_list":["post-142","page","type-page","status-publish","hentry"],"_links":{"self":[{"href":"https:\/\/www.airtrans-sc.cn\/ch\/wp-json\/wp\/v2\/pages\/142","targetHints":{"allow":["GET"]}}],"collection":[{"href":"https:\/\/www.airtrans-sc.cn\/ch\/wp-json\/wp\/v2\/pages"}],"about":[{"href":"https:\/\/www.airtrans-sc.cn\/ch\/wp-json\/wp\/v2\/types\/page"}],"author":[{"embeddable":true,"href":"https:\/\/www.airtrans-sc.cn\/ch\/wp-json\/wp\/v2\/users\/1"}],"replies":[{"embeddable":true,"href":"https:\/\/www.airtrans-sc.cn\/ch\/wp-json\/wp\/v2\/comments?post=142"}],"version-history":[{"count":47,"href":"https:\/\/www.airtrans-sc.cn\/ch\/wp-json\/wp\/v2\/pages\/142\/revisions"}],"predecessor-version":[{"id":885,"href":"https:\/\/www.airtrans-sc.cn\/ch\/wp-json\/wp\/v2\/pages\/142\/revisions\/885"}],"wp:attachment":[{"href":"https:\/\/www.airtrans-sc.cn\/ch\/wp-json\/wp\/v2\/media?parent=142"}],"curies":[{"name":"wp","href":"https:\/\/api.w.org\/{rel}","templated":true}]}}