{"id":991,"date":"2024-12-13T03:55:41","date_gmt":"2024-12-13T03:55:41","guid":{"rendered":"https:\/\/www.airtrans-sc.cn\/?page_id=991"},"modified":"2024-12-19T15:41:52","modified_gmt":"2024-12-19T15:41:52","slug":"contact","status":"publish","type":"page","link":"https:\/\/www.airtrans-sc.cn\/ch\/kontakt\/","title":{"rendered":"Kontakt"},"content":{"rendered":"<section class='page-content' style=''  ><section class='container'><div class='row' style=''><div class='col-md-6 triggerAnimation animated' style='' data-animate='fadeInUp'><div class='custom-heading'>\r\n                            <h4>IHRE ANFRAGE<\/h4>                            \r\n                        <\/div><div class='cma-wysiwyg-editor'><p>Hinterlassen Sie bitte Ihre Kontaktdaten und Ihre Nachricht, und wir werden uns so schnell wie m\u00f6glich mit einer zufriedenstellenden Antwort bei Ihnen melden. (Wir m\u00f6chten Sie bitten, dieses Formular nicht f\u00fcr Anfragen zu Sammlerst\u00fccken, Bewerbungen und\/oder Verkaufsaktivit\u00e4ten zu verwenden).<\/p><\/div><div class=\"cma-wp-widget widget widget_text cma_widget_text\" id=\"cma-widget-WP_Widget_Text-3\">\t\t\t<div class=\"textwidget\">\n<div class=\"wpcf7 no-js\" id=\"wpcf7-f10-o1\" lang=\"en-US\" dir=\"ltr\" data-wpcf7-id=\"10\">\n<div class=\"screen-reader-response\"><p role=\"status\" aria-live=\"polite\" aria-atomic=\"true\"><\/p> <ul><\/ul><\/div>\n<form action=\"\/ch\/wp-json\/wp\/v2\/pages\/991#wpcf7-f10-o1\" method=\"post\" class=\"wpcf7-form init\" aria-label=\"Contact form\" novalidate=\"novalidate\" data-status=\"init\" data-trp-original-action=\"\/ch\/wp-json\/wp\/v2\/pages\/991#wpcf7-f10-o1\">\n<div style=\"display: none;\">\n<input type=\"hidden\" name=\"_wpcf7\" value=\"10\" \/>\n<input type=\"hidden\" name=\"_wpcf7_version\" value=\"6.0.1\" \/>\n<input type=\"hidden\" name=\"_wpcf7_locale\" value=\"en_US\" \/>\n<input type=\"hidden\" name=\"_wpcf7_unit_tag\" value=\"wpcf7-f10-o1\" \/>\n<input type=\"hidden\" name=\"_wpcf7_container_post\" value=\"0\" \/>\n<input type=\"hidden\" name=\"_wpcf7_posted_data_hash\" value=\"\" \/>\n<\/div>\n<p><label> Ihr Name<br \/>\n<span class=\"wpcf7-form-control-wrap\" data-name=\"your-name\"><input size=\"40\" maxlength=\"400\" class=\"wpcf7-form-control wpcf7-text wpcf7-validates-as-required\" autocomplete=\"name\" aria-required=\"true\" aria-invalid=\"false\" value=\"\" type=\"text\" name=\"your-name\" \/><\/span> <\/label>\n<\/p>\n<p><label> Deine E-Mail<br \/>\n<span class=\"wpcf7-form-control-wrap\" data-name=\"your-email\"><input size=\"40\" maxlength=\"400\" class=\"wpcf7-form-control wpcf7-email wpcf7-validates-as-required wpcf7-text wpcf7-validates-as-email\" autocomplete=\"email\" aria-required=\"true\" aria-invalid=\"false\" value=\"\" type=\"email\" name=\"your-email\" \/><\/span> <\/label>\n<\/p>\n<p><label> Thema<br \/>\n<span class=\"wpcf7-form-control-wrap\" data-name=\"your-subject\"><input size=\"40\" maxlength=\"400\" class=\"wpcf7-form-control wpcf7-text wpcf7-validates-as-required\" aria-required=\"true\" aria-invalid=\"false\" value=\"\" type=\"text\" name=\"your-subject\" \/><\/span> <\/label>\n<\/p>\n<p><label> Ihre Nachricht (optional)<br \/>\n<span class=\"wpcf7-form-control-wrap\" data-name=\"your-message\"><textarea cols=\"40\" rows=\"10\" maxlength=\"2000\" class=\"wpcf7-form-control wpcf7-textarea\" aria-invalid=\"false\" name=\"your-message\"><\/textarea><\/span> <\/label>\n<\/p>\n<p><input class=\"wpcf7-form-control wpcf7-submit has-spinner\" type=\"submit\" value=\"Einreichen\" \/>\n<\/p><div class=\"wpcf7-response-output\" aria-hidden=\"true\"><\/div>\n<input type=\"hidden\" name=\"trp-form-language\" value=\"ch\"\/><\/form>\n<\/div>\n<\/div>\n\t\t<\/div><\/div><div class='col-md-6 triggerAnimation animated' style='' data-animate='fadeInUp'><div class='custom-heading'>\r\n                            <h3>HAUPTQUARTIER<\/h3>                            \r\n                        <\/div><div class='map-canvas' data-type='satellite' data-long='114.1007239' data-lat='22.5621647' data-zoom='13' data-default-ui='1' data-scroll-wheel='0' data-contrast='saturated'  ><\/div><div class='custom-heading'>\r\n                            <h4>UNTERNEHMENSINFORMATIONEN<\/h4>                            \r\n                        <\/div><div class='cma-wysiwyg-editor'><address>AIRTRANS SUPPLY CHAIN (SHENZHEN) CO.,LTD.<\/address><address>RM 404-23, QINGFENG RONGSHENG VENTURE CAPITAL BLDG, <br \/>NO.88-8, BAGUA SAN RD, FUTIAN DIST, SHENZHEN, GUANGDONG, CHINA<\/address><p><span class=\"text-big colored\">+86-134 2425 0754<\/span><br \/><a href=\"mailto:oversea@airtrans-sc.cn\">oversea@airtrans-sc.cn<\/a><\/p><\/div><\/div><\/div><\/section><\/section>","protected":false},"excerpt":{"rendered":"","protected":false},"author":1,"featured_media":0,"parent":0,"menu_order":0,"comment_status":"closed","ping_status":"closed","template":"","meta":{"inline_featured_image":false,"footnotes":""},"class_list":["post-991","page","type-page","status-publish","hentry"],"_links":{"self":[{"href":"https:\/\/www.airtrans-sc.cn\/ch\/wp-json\/wp\/v2\/pages\/991","targetHints":{"allow":["GET"]}}],"collection":[{"href":"https:\/\/www.airtrans-sc.cn\/ch\/wp-json\/wp\/v2\/pages"}],"about":[{"href":"https:\/\/www.airtrans-sc.cn\/ch\/wp-json\/wp\/v2\/types\/page"}],"author":[{"embeddable":true,"href":"https:\/\/www.airtrans-sc.cn\/ch\/wp-json\/wp\/v2\/users\/1"}],"replies":[{"embeddable":true,"href":"https:\/\/www.airtrans-sc.cn\/ch\/wp-json\/wp\/v2\/comments?post=991"}],"version-history":[{"count":4,"href":"https:\/\/www.airtrans-sc.cn\/ch\/wp-json\/wp\/v2\/pages\/991\/revisions"}],"predecessor-version":[{"id":1128,"href":"https:\/\/www.airtrans-sc.cn\/ch\/wp-json\/wp\/v2\/pages\/991\/revisions\/1128"}],"wp:attachment":[{"href":"https:\/\/www.airtrans-sc.cn\/ch\/wp-json\/wp\/v2\/media?parent=991"}],"curies":[{"name":"wp","href":"https:\/\/api.w.org\/{rel}","templated":true}]}}