{"id":1217,"date":"2024-12-20T16:46:42","date_gmt":"2024-12-20T16:46:42","guid":{"rendered":"https:\/\/www.airtrans-sc.cn\/?page_id=1217"},"modified":"2024-12-20T16:46:42","modified_gmt":"2024-12-20T16:46:42","slug":"air-freight","status":"publish","type":"page","link":"https:\/\/www.airtrans-sc.cn\/de\/luftfracht-2\/","title":{"rendered":"Luftfracht"},"content":{"rendered":"<section class='page-content' style=''  ><section class='container'><div class='row' style=''><div class='col-md-12 triggerAnimation animated' style='' data-animate='fadeInUp'><div class='custom-heading02'>\r\n                            <h2>LUFTFRACHT<\/h2>\r\n                            <p>Airtrans Supply Chain (Shenzhen) Co.,Ltd.<\/p>\r\n                        <\/div><\/div><\/div><div class='row' style=''><div class='col-md-12 triggerAnimation animated' style='' data-animate='fadeInUp'><div class='cma-wysiwyg-editor'><div class=\"cma-wysiwyg-editor\"><p>Luftfracht ist - und war schon immer - unser Kerngesch\u00e4ft. Von den Frachtzentren der Flugh\u00e4fen Shenzhen und Guangzhou aus bietet Airtrans Supply Chain einen schnellen und einfachen Zugang zu allen Fluggesellschaften, die diese internationalen Flugh\u00e4fen anfliegen und verlassen.<\/p><p>Wir sind stolz darauf, eine breite Palette von Dienstleistungen anbieten zu k\u00f6nnen, um Ihre Sendung von T\u00fcr zu T\u00fcr abzuwickeln. Ob es sich um Gefahrgutdokumente, Exportverpackungen, Sicherheitskontrollen oder die Neutralisierung Ihrer Sendungen handelt: Wir k\u00fcmmern uns gerne pers\u00f6nlich um diese Fragen, gr\u00f6\u00dftenteils im eigenen Haus. Airtrans Supply Chain hat sich zum Ziel gesetzt, das beste Preis-Leistungs-Verh\u00e4ltnis in der Branche zu bieten. Deshalb gehen wir gerne die Extrameile durch pers\u00f6nlichen Service, Kreativit\u00e4t, Flexibilit\u00e4t und Einsatzbereitschaft.<\/p><p>In den letzten 9 Jahren haben wir enge Beziehungen zu vielen der A-Listen-Fluggesellschaften wie Air China, China Southern, Singapore Airlines, Qatar Airways, Emirates Airlines, Korean Air, Ethiopian Airlines, Turkish Airlines und Cathay Pacific Airlines aufgebaut.<\/p><\/div><div class=\"cma-wysiwyg-editor\"><h3>Preise<\/h3><p>Mit eigenen Konsolidierungen zu verschiedenen Zielen in S\u00fcdostasien, Europa und den USA k\u00f6nnen unsere Tarife problemlos mit denen gro\u00dfer multinationaler Speditionsunternehmen mithalten. Aber Airtrans Supply Chain ist bestrebt, den besten Wert in der Branche zu bieten. Deshalb gehen wir gerne noch einen Schritt weiter: mit pers\u00f6nlichem Service, Kreativit\u00e4t, Flexibilit\u00e4t und Hingabe.<\/p><p>Abholungen f\u00fcr Luftfrachtexporte und Lieferungen f\u00fcr Importe finden t\u00e4glich statt, und Abholungen k\u00f6nnen oft noch am selben Tag erfolgen, an dem Sie uns mit der Verladung in China beauftragen. Eine betr\u00e4chtliche Anzahl unserer Luftfracht-Exportsendungen wird in der Provinz Guangdong abgeholt, weil die Abfertigung und die Sicherheitskontrollen an den Flugh\u00e4fen Shenzhen und Guangzhou so einfach sind, vor allem aber wegen unserer wettbewerbsf\u00e4higen Preise und unserer starken Einkaufs- und Boardingmacht.<\/p><\/div><div class=\"cma-wysiwyg-editor\"><h3>Cross-Trade-Sendungen<\/h3><p>Neben dem Luftfrachtexport nach und dem Luftfrachtexport aus China wickelt Airtrans Supply Chain auch viele Cross-Trade-Sendungen f\u00fcr weltweite Kunden ab. Beispiele hierf\u00fcr sind Sendungen von Hongkong nach Vietnam oder von Vietnam in die USA. Unsere weltweiten Partnerschaften erm\u00f6glichen es uns, lokale (Zoll-)Abfertigungen anzubieten, wo immer Sie diese ben\u00f6tigen.<\/p><\/div><\/div><\/div><\/div><\/section><\/section>","protected":false},"excerpt":{"rendered":"","protected":false},"author":1,"featured_media":0,"parent":0,"menu_order":0,"comment_status":"closed","ping_status":"closed","template":"","meta":{"inline_featured_image":false,"footnotes":""},"class_list":["post-1217","page","type-page","status-publish","hentry"],"_links":{"self":[{"href":"https:\/\/www.airtrans-sc.cn\/de\/wp-json\/wp\/v2\/pages\/1217","targetHints":{"allow":["GET"]}}],"collection":[{"href":"https:\/\/www.airtrans-sc.cn\/de\/wp-json\/wp\/v2\/pages"}],"about":[{"href":"https:\/\/www.airtrans-sc.cn\/de\/wp-json\/wp\/v2\/types\/page"}],"author":[{"embeddable":true,"href":"https:\/\/www.airtrans-sc.cn\/de\/wp-json\/wp\/v2\/users\/1"}],"replies":[{"embeddable":true,"href":"https:\/\/www.airtrans-sc.cn\/de\/wp-json\/wp\/v2\/comments?post=1217"}],"version-history":[{"count":2,"href":"https:\/\/www.airtrans-sc.cn\/de\/wp-json\/wp\/v2\/pages\/1217\/revisions"}],"predecessor-version":[{"id":1219,"href":"https:\/\/www.airtrans-sc.cn\/de\/wp-json\/wp\/v2\/pages\/1217\/revisions\/1219"}],"wp:attachment":[{"href":"https:\/\/www.airtrans-sc.cn\/de\/wp-json\/wp\/v2\/media?parent=1217"}],"curies":[{"name":"wp","href":"https:\/\/api.w.org\/{rel}","templated":true}]}}