{"id":1234,"date":"2024-12-20T17:00:29","date_gmt":"2024-12-20T17:00:29","guid":{"rendered":"https:\/\/www.airtrans-sc.cn\/?page_id=1234"},"modified":"2024-12-20T17:01:50","modified_gmt":"2024-12-20T17:01:50","slug":"international-express","status":"publish","type":"page","link":"https:\/\/www.airtrans-sc.cn\/de\/internationaler-expressdienst-2\/","title":{"rendered":"Internationaler Express"},"content":{"rendered":"<section class='page-content' style=''  ><section class='container'><div class='row' style=''><div class='col-md-12' style='' ><div class='custom-heading02'>\r\n                            <h2>INTERNATIONALER EXPRESSDIENST<\/h2>\r\n                            <p>Airtrans Supply Chain (Shenzhen) Co.,Ltd.<\/p>\r\n                        <\/div><\/div><\/div><div class='row' style=''><div class='col-md-12 triggerAnimation animated' style='' data-animate='fadeInUp'><div class='cma-wysiwyg-editor'><div class=\"cma-wysiwyg-editor\"><p>Internationale T\u00fcr-zu-T\u00fcr-Expressdienste in mehr als 200 L\u00e4nder und Territorien.<\/p><\/div><div class=\"cma-wysiwyg-editor\"><p>Airtrans Supply Chain bietet Ihnen eine breite Palette an internationalen E-Commerce- und Paketdienstoptionen und Preisen. Wir k\u00f6nnen den Export und Import aus China in die ganze Welt arrangieren.<\/p><\/div><div class=\"cma-wysiwyg-editor\"><p>Dar\u00fcber hinaus nutzen wir unser Fachwissen und unsere Innovationen, um die Zustellung f\u00fcr Ihre Kunden zu verbessern und den Zeit- und Kostenaufwand f\u00fcr die Verwaltung Ihrer grenz\u00fcberschreitenden Lieferungen zu reduzieren.<\/p><\/div><\/div><\/div><\/div><\/section><\/section>","protected":false},"excerpt":{"rendered":"","protected":false},"author":1,"featured_media":0,"parent":0,"menu_order":0,"comment_status":"closed","ping_status":"closed","template":"","meta":{"inline_featured_image":false,"footnotes":""},"class_list":["post-1234","page","type-page","status-publish","hentry"],"_links":{"self":[{"href":"https:\/\/www.airtrans-sc.cn\/de\/wp-json\/wp\/v2\/pages\/1234","targetHints":{"allow":["GET"]}}],"collection":[{"href":"https:\/\/www.airtrans-sc.cn\/de\/wp-json\/wp\/v2\/pages"}],"about":[{"href":"https:\/\/www.airtrans-sc.cn\/de\/wp-json\/wp\/v2\/types\/page"}],"author":[{"embeddable":true,"href":"https:\/\/www.airtrans-sc.cn\/de\/wp-json\/wp\/v2\/users\/1"}],"replies":[{"embeddable":true,"href":"https:\/\/www.airtrans-sc.cn\/de\/wp-json\/wp\/v2\/comments?post=1234"}],"version-history":[{"count":2,"href":"https:\/\/www.airtrans-sc.cn\/de\/wp-json\/wp\/v2\/pages\/1234\/revisions"}],"predecessor-version":[{"id":1237,"href":"https:\/\/www.airtrans-sc.cn\/de\/wp-json\/wp\/v2\/pages\/1234\/revisions\/1237"}],"wp:attachment":[{"href":"https:\/\/www.airtrans-sc.cn\/de\/wp-json\/wp\/v2\/media?parent=1234"}],"curies":[{"name":"wp","href":"https:\/\/api.w.org\/{rel}","templated":true}]}}