{"id":1248,"date":"2024-12-20T17:08:54","date_gmt":"2024-12-20T17:08:54","guid":{"rendered":"https:\/\/www.airtrans-sc.cn\/?page_id=1248"},"modified":"2024-12-20T17:08:54","modified_gmt":"2024-12-20T17:08:54","slug":"customs","status":"publish","type":"page","link":"https:\/\/www.airtrans-sc.cn\/de\/zoll-2\/","title":{"rendered":"Zollbeh\u00f6rden"},"content":{"rendered":"<section class='page-content' style=''  ><section class='container'><div class='row' style=''><div class='col-md-12 triggerAnimation animated' style='' data-animate='fadeInUp'><div class='custom-heading02'>\r\n                            <h2>CUSTOMS<\/h2>\r\n                            <p>Airtrans Supply Chain (Shenzhen) Co.,Ltd.<\/p>\r\n                        <\/div><\/div><\/div><div class='row' style=''><div class='col-md-12 triggerAnimation animated' style='' data-animate='fadeInUp'><div class='cma-wysiwyg-editor'><div class=\"cma-wysiwyg-editor\"><p>Airtrans Supply Chain verf\u00fcgt \u00fcber Expertenwissen auf dem Gebiet des internationalen Warenhandels. Wir bieten unseren Kunden u.a. Import- und Exportzollanmeldungen und -kontrollen, die Erstellung von Zollgesch\u00e4ftspl\u00e4nen, Beratung bei Zollstreitigkeiten und andere Dienstleistungen. Wenn Sie sich f\u00fcr eine Zusammenarbeit mit uns entscheiden, werden Sie einen Gesch\u00e4ftspartner gewinnen, und alle Zollverfahren werden einfach und transparent.<\/p><\/div><div class=\"cma-wysiwyg-editor\"><p>Zun\u00e4chst m\u00fcssen Sie uns Ihre Bed\u00fcrfnisse mitteilen, damit wir Ihnen ein ma\u00dfgeschneidertes, individuelles und effektives Angebot erstellen k\u00f6nnen.<\/p><p>Wir bieten die folgenden professionellen und zuverl\u00e4ssigen Zolldienstleistungen an:<\/p><ul><li>Vorbereitung der Dokumente f\u00fcr die Zollabfertigung,<\/li><li>Einreichung von Zollerkl\u00e4rungen,<\/li><li>Sicherstellung von Steuern und Zollgeb\u00fchren bei der Einfuhr,<\/li><li>Legalisierung von Ursprungszeugnissen,<\/li><li>Versandabfertigung auf der Grundlage des gemeinsamen Versandverfahrens,<\/li><li>Wir k\u00fcmmern uns um alle Details, damit die Zollabfertigung f\u00fcr Sie und Ihr Unternehmen zu einer einfachen Formalit\u00e4t wird.<\/li><\/ul><\/div><div class=\"cma-wysiwyg-editor\"><p>Setzen Sie sich mit uns in Verbindung, um zu entscheiden, welche Art von Dienstleistung Sie w\u00e4hlen m\u00f6chten. Wenn Sie auf der Suche nach Schnelligkeit, Zuverl\u00e4ssigkeit und Flexibilit\u00e4t sind, sollten Sie sich f\u00fcr Airtrans Supply Chain entscheiden.<\/p><\/div><\/div><\/div><\/div><\/section><\/section>","protected":false},"excerpt":{"rendered":"","protected":false},"author":1,"featured_media":0,"parent":0,"menu_order":0,"comment_status":"closed","ping_status":"closed","template":"","meta":{"inline_featured_image":false,"footnotes":""},"class_list":["post-1248","page","type-page","status-publish","hentry"],"_links":{"self":[{"href":"https:\/\/www.airtrans-sc.cn\/de\/wp-json\/wp\/v2\/pages\/1248","targetHints":{"allow":["GET"]}}],"collection":[{"href":"https:\/\/www.airtrans-sc.cn\/de\/wp-json\/wp\/v2\/pages"}],"about":[{"href":"https:\/\/www.airtrans-sc.cn\/de\/wp-json\/wp\/v2\/types\/page"}],"author":[{"embeddable":true,"href":"https:\/\/www.airtrans-sc.cn\/de\/wp-json\/wp\/v2\/users\/1"}],"replies":[{"embeddable":true,"href":"https:\/\/www.airtrans-sc.cn\/de\/wp-json\/wp\/v2\/comments?post=1248"}],"version-history":[{"count":1,"href":"https:\/\/www.airtrans-sc.cn\/de\/wp-json\/wp\/v2\/pages\/1248\/revisions"}],"predecessor-version":[{"id":1249,"href":"https:\/\/www.airtrans-sc.cn\/de\/wp-json\/wp\/v2\/pages\/1248\/revisions\/1249"}],"wp:attachment":[{"href":"https:\/\/www.airtrans-sc.cn\/de\/wp-json\/wp\/v2\/media?parent=1248"}],"curies":[{"name":"wp","href":"https:\/\/api.w.org\/{rel}","templated":true}]}}