{"id":968,"date":"2024-12-12T08:09:21","date_gmt":"2024-12-12T08:09:21","guid":{"rendered":"https:\/\/www.airtrans-sc.cn\/?page_id=968"},"modified":"2024-12-13T06:36:37","modified_gmt":"2024-12-13T06:36:37","slug":"tools","status":"publish","type":"page","link":"https:\/\/www.airtrans-sc.cn\/de\/werkzeuge\/","title":{"rendered":"Werkzeuge"},"content":{"rendered":"<section class='page-content' style=''  ><section class='container'><div class='row' style=''><div class='col-md-12 triggerAnimation animated' style='' data-animate='fadeInUp'><div class='custom-heading02 simple'>\r\n                            <h3>WERKZEUGE<\/h3>\r\n                        <\/div><\/div><\/div><div class='row' style=''><div class='col-md-4 triggerAnimation animated' style='' data-animate='fadeInUp'><div class='services-element service-icon-center'>\r\n                            <div class='icon-container'>\r\n                                <div class='icon' >\r\n                                   <i class='fa fa fa-qrcode'><\/i>\r\n                                <\/div>\r\n                            <\/div>\r\n\r\n                            <a href='https:\/\/www.365area.com\/hscode\/' target='_BLANK'><h3>HS-CODE<\/h3><\/a>\r\n\r\n                            <p>365BEREICH HS CODE <\/BR>Und Tarifindex Schnellnavigation<\/p>\r\n                        <\/div><div class='services-element service-icon-center'>\r\n                            <div class='icon-container'>\r\n                                <div class='icon' >\r\n                                   <i class='fa fa fa-cubes'><\/i>\r\n                                <\/div>\r\n                            <\/div>\r\n\r\n                            <a href='https:\/\/www.vesselfinder.com\/' target='_BLANK'><h3>Container-Verfolgung<\/h3><\/a>\r\n\r\n                            <p>CONTAINER-VERFOLGUNG API &amp; WEB<\/BR>Container-Track &amp; Trace-System in Echtzeit<\/p>\r\n                        <\/div><div class='services-element service-icon-center'>\r\n                            <div class='icon-container'>\r\n                                <div class='icon' >\r\n                                   <i class='fa fa fa-graduation-cap'><\/i>\r\n                                <\/div>\r\n                            <\/div>\r\n\r\n                            <a href='http:\/\/202.127.48.145:8888\/zscq\/search\/jsp\/vBrandSearchIndex.jsp' target='_BLANK'><h3>Abfrage der Anmeldung von geistigem Eigentum<\/h3><\/a>\r\n\r\n                            <p>IPR CUSTOMS <\/BR>Teilsystem Schutzablage<\/p>\r\n                        <\/div><\/div><div class='col-md-4 triggerAnimation animated' style='' data-animate='fadeInUp'><div class='services-element service-icon-center'>\r\n                            <div class='icon-container'>\r\n                                <div class='icon' >\r\n                                   <i class='fa fa fa-cogs'><\/i>\r\n                                <\/div>\r\n                            <\/div>\r\n\r\n                            <a href='http:\/\/query.customs.gov.cn\/MNFTQ\/' target='_BLANK'><h3>Benutzerdefinierter Status<\/h3><\/a>\r\n\r\n                            <p>ALLGEMEINE VERWALTUNG <\/BR>von Br\u00e4uchen der Volksrepublik China<\/p>\r\n                        <\/div><div class='services-element service-icon-center'>\r\n                            <div class='icon-container'>\r\n                                <div class='icon' >\r\n                                   <i class='fa fa fa-dropbox'><\/i>\r\n                                <\/div>\r\n                            <\/div>\r\n\r\n                            <a href='https:\/\/www.17track.net\/en' target='_BLANK'><h3>Express-Verfolgung<\/h3><\/a>\r\n\r\n                            <p>ALL-IN-ONE-PAKETVERFOLGUNG<\/BR>Unterst\u00fctzung von \u00fcber 2500 Fluggesellschaften und \u00fcber 190 Fluglinien weltweit<\/p>\r\n                        <\/div><div class='services-element service-icon-center'>\r\n                            <div class='icon-container'>\r\n                                <div class='icon' >\r\n                                   <i class='fa fa fa-paper-plane'><\/i>\r\n                                <\/div>\r\n                            <\/div>\r\n\r\n                            <a href='https:\/\/www.flightradar24.com\/' target='_BLANK'><h3>Flugradar<\/h3><\/a>\r\n\r\n                            <p>24 LIVE-LUFTVERKEHR<\/BR>Fl\u00fcge, Flugh\u00e4fen und mehr finden<\/p>\r\n                        <\/div><\/div><div class='col-md-4 triggerAnimation animated' style='' data-animate='fadeInUp'><div class='services-element service-icon-center'>\r\n                            <div class='icon-container'>\r\n                                <div class='icon' >\r\n                                   <i class='fa fa fa-plane'><\/i>\r\n                                <\/div>\r\n                            <\/div>\r\n\r\n                            <a href='https:\/\/www.track-trace.com\/aircargo' target='_BLANK'><h3>Luftfrachtverfolgung<\/h3><\/a>\r\n\r\n                            <p>LUFTFRACHT VERFOLGEN<\/BR>F\u00fcr 237 Fluggesellschaften hier<\/p>\r\n                        <\/div><div class='services-element service-icon-center'>\r\n                            <div class='icon-container'>\r\n                                <div class='icon' >\r\n                                   <i class='fa fa fa-search'><\/i>\r\n                                <\/div>\r\n                            <\/div>\r\n\r\n                            <a href='https:\/\/airportcodes.aero\/' target='_BLANK'><h3>Flughafen Codes suchen<\/h3><\/a>\r\n\r\n                            <p>FLUGHAFEN-CODES<\/BR>Jeder Flughafencode der Welt<\/p>\r\n                        <\/div><div class='services-element service-icon-center'>\r\n                            <div class='icon-container'>\r\n                                <div class='icon' >\r\n                                   <i class='fa fa fa-ship'><\/i>\r\n                                <\/div>\r\n                            <\/div>\r\n\r\n                            <a href='https:\/\/www.track-trace.com\/container' target='_BLANK'><h3>Schiffsverfolgung<\/h3><\/a>\r\n\r\n                            <p>GLEISCONTAINER <\/BR>F\u00fcr 171 Unternehmen hier<\/p>\r\n                        <\/div><\/div><\/div><div class='row' style=''><div class='col-md-12 triggerAnimation animated' style='' data-animate='fadeInUp'><div class='custom-heading centered'>\r\n                            <h2>INCOTERMS\u00a9 2020 SCHNELLREFERENZTABELLE<\/h2>\r\n                        <\/div><img src='https:\/\/www.airtrans-sc.cn\/wp-content\/uploads\/2024\/12\/r2_c2.jpg' class='center' title='r2_c2' alt='r2_c2' width='1210' height='748'\/><div class='clearfix'><\/div><\/div><\/div><\/section><\/section>","protected":false},"excerpt":{"rendered":"","protected":false},"author":1,"featured_media":0,"parent":0,"menu_order":0,"comment_status":"closed","ping_status":"closed","template":"","meta":{"inline_featured_image":false,"footnotes":""},"class_list":["post-968","page","type-page","status-publish","hentry"],"_links":{"self":[{"href":"https:\/\/www.airtrans-sc.cn\/de\/wp-json\/wp\/v2\/pages\/968","targetHints":{"allow":["GET"]}}],"collection":[{"href":"https:\/\/www.airtrans-sc.cn\/de\/wp-json\/wp\/v2\/pages"}],"about":[{"href":"https:\/\/www.airtrans-sc.cn\/de\/wp-json\/wp\/v2\/types\/page"}],"author":[{"embeddable":true,"href":"https:\/\/www.airtrans-sc.cn\/de\/wp-json\/wp\/v2\/users\/1"}],"replies":[{"embeddable":true,"href":"https:\/\/www.airtrans-sc.cn\/de\/wp-json\/wp\/v2\/comments?post=968"}],"version-history":[{"count":15,"href":"https:\/\/www.airtrans-sc.cn\/de\/wp-json\/wp\/v2\/pages\/968\/revisions"}],"predecessor-version":[{"id":1058,"href":"https:\/\/www.airtrans-sc.cn\/de\/wp-json\/wp\/v2\/pages\/968\/revisions\/1058"}],"wp:attachment":[{"href":"https:\/\/www.airtrans-sc.cn\/de\/wp-json\/wp\/v2\/media?parent=968"}],"curies":[{"name":"wp","href":"https:\/\/api.w.org\/{rel}","templated":true}]}}