{"id":1217,"date":"2024-12-20T16:46:42","date_gmt":"2024-12-20T16:46:42","guid":{"rendered":"https:\/\/www.airtrans-sc.cn\/?page_id=1217"},"modified":"2024-12-20T16:46:42","modified_gmt":"2024-12-20T16:46:42","slug":"air-freight","status":"publish","type":"page","link":"https:\/\/www.airtrans-sc.cn\/fr\/fret-aerien-2\/","title":{"rendered":"Fret a\u00e9rien"},"content":{"rendered":"<section class='page-content' style=''  ><section class='container'><div class='row' style=''><div class='col-md-12 triggerAnimation animated' style='' data-animate='fadeInUp'><div class='custom-heading02'>\r\n                            <h2>FRET A\u00c9RIEN<\/h2>\r\n                            <p>Airtrans Supply Chain (Shenzhen) Co.,Ltd.<\/p>\r\n                        <\/div><\/div><\/div><div class='row' style=''><div class='col-md-12 triggerAnimation animated' style='' data-animate='fadeInUp'><div class='cma-wysiwyg-editor'><div class=\"cma-wysiwyg-editor\"><p>Le fret a\u00e9rien est - et a toujours \u00e9t\u00e9 - notre activit\u00e9 principale. Op\u00e9rant \u00e0 partir des centres de fret de l'a\u00e9roport de Shenzhen et de l'a\u00e9roport de Guangzhou, Airtrans Supply Chain offre un acc\u00e8s rapide et facile \u00e0 tous les transporteurs op\u00e9rant au d\u00e9part et \u00e0 destination de ces a\u00e9roports internationaux.<\/p><p>Nous sommes fiers d'offrir une large gamme de services connexes afin de g\u00e9rer votre exp\u00e9dition de porte \u00e0 porte. Qu'il s'agisse de la documentation sur les marchandises dangereuses, de la mise en caisse pour l'exportation, du contr\u00f4le de s\u00e9curit\u00e9 ou de la neutralisation de vos envois, nous sommes heureux de nous occuper personnellement de ces questions, la plupart du temps en interne. Airtrans Supply Chain s'engage \u00e0 offrir le meilleur rapport qualit\u00e9-prix du march\u00e9. C'est pourquoi nous aimons nous surpasser en offrant un service personnalis\u00e9, de la cr\u00e9ativit\u00e9, de la flexibilit\u00e9 et du d\u00e9vouement.<\/p><p>Au cours des neuf derni\u00e8res ann\u00e9es, nous avons nou\u00e9 de solides relations avec de nombreux transporteurs de la liste A, tels que Air China, China Southern, Singapore Airlines, Qatar Airways, Emirates Airlines, Korean Air, Ethiopian Airlines, Turkish Airlines et Cathay Pacific Airlines.<\/p><\/div><div class=\"cma-wysiwyg-editor\"><h3>Tarifs<\/h3><p>Avec nos propres consolidations vers plusieurs destinations d'Asie du Sud-Est, d'Europe et des \u00c9tats-Unis, nos tarifs peuvent facilement rivaliser avec ceux de n'importe quelle grande soci\u00e9t\u00e9 multinationale d'exp\u00e9dition de fret. Mais Airtrans Supply Chain s'engage \u00e0 offrir le meilleur rapport qualit\u00e9-prix du secteur. C'est pourquoi nous aimons nous surpasser en offrant un service personnalis\u00e9, de la cr\u00e9ativit\u00e9, de la flexibilit\u00e9 et du d\u00e9vouement.<\/p><p>Les enl\u00e8vements pour l'exportation de fret a\u00e9rien et les livraisons pour l'importation sont effectu\u00e9s quotidiennement et les enl\u00e8vements peuvent souvent \u00eatre effectu\u00e9s le jour m\u00eame o\u00f9 vous nous donnez l'ordre de charger en Chine. Un nombre important de nos exp\u00e9ditions de fret a\u00e9rien \u00e0 l'exportation sont collect\u00e9es dans la province de Guangdong en raison de la facilit\u00e9 de manutention et de contr\u00f4le de s\u00e9curit\u00e9 \u00e0 l'a\u00e9roport de Shenzhen et \u00e0 l'a\u00e9roport de Guangzhou, mais surtout en raison de nos tarifs comp\u00e9titifs et de notre forte puissance d'achat et d'embarquement.<\/p><\/div><div class=\"cma-wysiwyg-editor\"><h3>Exp\u00e9ditions crois\u00e9es<\/h3><p>Outre l'exportation et l'importation de fret a\u00e9rien vers la Chine, Airtrans Supply Chain g\u00e8re \u00e9galement de nombreuses exp\u00e9ditions transfrontali\u00e8res pour des clients du monde entier. Des exemples peuvent \u00eatre trouv\u00e9s dans les exp\u00e9ditions de Hong Kong vers le Vietnam ou du Vietnam vers les \u00c9tats-Unis. Nos partenariats internationaux nous permettent d'offrir une gestion locale (douani\u00e8re) partout o\u00f9 vous en avez besoin.<\/p><\/div><\/div><\/div><\/div><\/section><\/section>","protected":false},"excerpt":{"rendered":"","protected":false},"author":1,"featured_media":0,"parent":0,"menu_order":0,"comment_status":"closed","ping_status":"closed","template":"","meta":{"inline_featured_image":false,"footnotes":""},"class_list":["post-1217","page","type-page","status-publish","hentry"],"_links":{"self":[{"href":"https:\/\/www.airtrans-sc.cn\/fr\/wp-json\/wp\/v2\/pages\/1217","targetHints":{"allow":["GET"]}}],"collection":[{"href":"https:\/\/www.airtrans-sc.cn\/fr\/wp-json\/wp\/v2\/pages"}],"about":[{"href":"https:\/\/www.airtrans-sc.cn\/fr\/wp-json\/wp\/v2\/types\/page"}],"author":[{"embeddable":true,"href":"https:\/\/www.airtrans-sc.cn\/fr\/wp-json\/wp\/v2\/users\/1"}],"replies":[{"embeddable":true,"href":"https:\/\/www.airtrans-sc.cn\/fr\/wp-json\/wp\/v2\/comments?post=1217"}],"version-history":[{"count":2,"href":"https:\/\/www.airtrans-sc.cn\/fr\/wp-json\/wp\/v2\/pages\/1217\/revisions"}],"predecessor-version":[{"id":1219,"href":"https:\/\/www.airtrans-sc.cn\/fr\/wp-json\/wp\/v2\/pages\/1217\/revisions\/1219"}],"wp:attachment":[{"href":"https:\/\/www.airtrans-sc.cn\/fr\/wp-json\/wp\/v2\/media?parent=1217"}],"curies":[{"name":"wp","href":"https:\/\/api.w.org\/{rel}","templated":true}]}}