{"id":1222,"date":"2024-12-20T16:50:44","date_gmt":"2024-12-20T16:50:44","guid":{"rendered":"https:\/\/www.airtrans-sc.cn\/?page_id=1222"},"modified":"2024-12-20T16:56:37","modified_gmt":"2024-12-20T16:56:37","slug":"sea-freight","status":"publish","type":"page","link":"https:\/\/www.airtrans-sc.cn\/fr\/fret-maritime-2\/","title":{"rendered":"Fret maritime"},"content":{"rendered":"<section class='page-content' style=''  ><section class='container'><div class='row' style=''><div class='col-md-12 triggerAnimation animated' style='' data-animate='fadeInUp'><div class='custom-heading02'>\r\n                            <h2>FRET MARITIME<\/h2>\r\n                            <p>Airtrans Supply Chain (Shenzhen) Co.,Ltd.<\/p>\r\n                        <\/div><\/div><\/div><div class='row' style=''><div class='col-md-12 triggerAnimation animated' style='' data-animate='fadeInUp'><div class='cma-wysiwyg-editor'><div class=\"cma-wysiwyg-editor\"><p>Airtrans Supply Chain propose des solutions de transport pour les conteneurs complets (FCL), les conteneurs de moindre importance (LCL), les transports par v\u00e9hicules rouliers (RoRo) et les marchandises en vrac (BB). L'accent est mis sur les exportations de la Chine vers le monde entier via Shenzhen et Guangzhou, mais aussi sur les importations de marchandises d'Asie du Sud-Est, d'Europe et des \u00c9tats-Unis vers la Chine, qu'il s'agisse de marchandises conventionnelles ou p\u00e9rissables dans des conteneurs frigorifiques.<\/p><\/div><div class=\"cma-wysiwyg-editor\"><p>Airtrans Supply Chain est un NVOCC (Non Vessel Operating Common Carrier) enregistr\u00e9. Cela signifie qu'Airtrans Supply Chain peut \u00e9mettre ses propres connaissements.<\/p><\/div><div class=\"cma-wysiwyg-editor\"><p>Gr\u00e2ce \u00e0 nos solides r\u00e9seaux d'agents internationaux, nous vous offrons tous les services suppl\u00e9mentaires dont vous pourriez avoir besoin pour ce mode de transport. Qu'il s'agisse d'emballage pour l'exportation, de documentation et d'emballage IMO (marchandises dangereuses), d'achat de conteneurs ou d'empotage, nous sommes heureux de vous aider.<\/p><\/div><\/div><\/div><\/div><div class='row' style=''><div class='col-md-12 empty' style='' ><\/div><\/div><\/section><\/section>","protected":false},"excerpt":{"rendered":"","protected":false},"author":1,"featured_media":0,"parent":0,"menu_order":0,"comment_status":"closed","ping_status":"closed","template":"","meta":{"inline_featured_image":false,"footnotes":""},"class_list":["post-1222","page","type-page","status-publish","hentry"],"_links":{"self":[{"href":"https:\/\/www.airtrans-sc.cn\/fr\/wp-json\/wp\/v2\/pages\/1222","targetHints":{"allow":["GET"]}}],"collection":[{"href":"https:\/\/www.airtrans-sc.cn\/fr\/wp-json\/wp\/v2\/pages"}],"about":[{"href":"https:\/\/www.airtrans-sc.cn\/fr\/wp-json\/wp\/v2\/types\/page"}],"author":[{"embeddable":true,"href":"https:\/\/www.airtrans-sc.cn\/fr\/wp-json\/wp\/v2\/users\/1"}],"replies":[{"embeddable":true,"href":"https:\/\/www.airtrans-sc.cn\/fr\/wp-json\/wp\/v2\/comments?post=1222"}],"version-history":[{"count":2,"href":"https:\/\/www.airtrans-sc.cn\/fr\/wp-json\/wp\/v2\/pages\/1222\/revisions"}],"predecessor-version":[{"id":1225,"href":"https:\/\/www.airtrans-sc.cn\/fr\/wp-json\/wp\/v2\/pages\/1222\/revisions\/1225"}],"wp:attachment":[{"href":"https:\/\/www.airtrans-sc.cn\/fr\/wp-json\/wp\/v2\/media?parent=1222"}],"curies":[{"name":"wp","href":"https:\/\/api.w.org\/{rel}","templated":true}]}}