{"id":1229,"date":"2024-12-20T16:55:45","date_gmt":"2024-12-20T16:55:45","guid":{"rendered":"https:\/\/www.airtrans-sc.cn\/?page_id=1229"},"modified":"2024-12-20T16:55:55","modified_gmt":"2024-12-20T16:55:55","slug":"rail-freight","status":"publish","type":"page","link":"https:\/\/www.airtrans-sc.cn\/fr\/fret-ferroviaire-2\/","title":{"rendered":"Fret ferroviaire"},"content":{"rendered":"<section class='page-content' style=''  ><section class='container'><div class='row' style=''><div class='col-md-12 triggerAnimation animated' style='' data-animate='fadeInUp'><div class='custom-heading02'>\r\n                            <h2>FRET FERROVIAIRE<\/h2>\r\n                            <p>Airtrans Supply Chain (Shenzhen) Co.,Ltd.<\/p>\r\n                        <\/div><\/div><\/div><div class='row' style=''><div class='col-md-12 triggerAnimation animated' style='' data-animate='fadeInUp'><div class='cma-wysiwyg-editor'><ul><li>Mode de transport alternatif comme solution interm\u00e9diaire entre le fret a\u00e9rien et le fret maritime<\/li><li>Services hebdomadaires au d\u00e9part et \u00e0 destination de Hambourg, Duisbourg, Mataszewicze, Nuernberg, etc. au d\u00e9part et \u00e0 destination de diverses destinations en Chine.<\/li><li>Contrats et engagements sign\u00e9s directement avec les op\u00e9rateurs ferroviaires chinois<\/li><li>Service FCL et service LCL disponibles<\/li><li>a rassembl\u00e9 le personnel d\u00e9vou\u00e9 qui poss\u00e8de de solides comp\u00e9tences professionnelles pour assurer le bon d\u00e9roulement des op\u00e9rations<\/li><li>Groupe cible : marchandises lourdes ou de grande valeur \/\/ exigences particuli\u00e8res en mati\u00e8re de temps de transit<\/li><li>Hambourg (DE), Duisbourg (DE), Li\u00e8ge (BE) et Mataszewicze (PL) sont les principaux HUB en Europe.<\/li><li>Ramassage et distribution vers\/depuis le terminal par camion<\/li><\/ul><\/div><\/div><\/div><div class='row' style=''><div class='col-md-12 empty' style='' ><\/div><\/div><\/section><\/section>","protected":false},"excerpt":{"rendered":"","protected":false},"author":1,"featured_media":0,"parent":0,"menu_order":0,"comment_status":"closed","ping_status":"closed","template":"","meta":{"inline_featured_image":false,"footnotes":""},"class_list":["post-1229","page","type-page","status-publish","hentry"],"_links":{"self":[{"href":"https:\/\/www.airtrans-sc.cn\/fr\/wp-json\/wp\/v2\/pages\/1229","targetHints":{"allow":["GET"]}}],"collection":[{"href":"https:\/\/www.airtrans-sc.cn\/fr\/wp-json\/wp\/v2\/pages"}],"about":[{"href":"https:\/\/www.airtrans-sc.cn\/fr\/wp-json\/wp\/v2\/types\/page"}],"author":[{"embeddable":true,"href":"https:\/\/www.airtrans-sc.cn\/fr\/wp-json\/wp\/v2\/users\/1"}],"replies":[{"embeddable":true,"href":"https:\/\/www.airtrans-sc.cn\/fr\/wp-json\/wp\/v2\/comments?post=1229"}],"version-history":[{"count":2,"href":"https:\/\/www.airtrans-sc.cn\/fr\/wp-json\/wp\/v2\/pages\/1229\/revisions"}],"predecessor-version":[{"id":1231,"href":"https:\/\/www.airtrans-sc.cn\/fr\/wp-json\/wp\/v2\/pages\/1229\/revisions\/1231"}],"wp:attachment":[{"href":"https:\/\/www.airtrans-sc.cn\/fr\/wp-json\/wp\/v2\/media?parent=1229"}],"curies":[{"name":"wp","href":"https:\/\/api.w.org\/{rel}","templated":true}]}}