{"id":1234,"date":"2024-12-20T17:00:29","date_gmt":"2024-12-20T17:00:29","guid":{"rendered":"https:\/\/www.airtrans-sc.cn\/?page_id=1234"},"modified":"2024-12-20T17:01:50","modified_gmt":"2024-12-20T17:01:50","slug":"international-express","status":"publish","type":"page","link":"https:\/\/www.airtrans-sc.cn\/fr\/express-international-2\/","title":{"rendered":"Express international"},"content":{"rendered":"<section class='page-content' style=''  ><section class='container'><div class='row' style=''><div class='col-md-12' style='' ><div class='custom-heading02'>\r\n                            <h2>EXPRESS INTERNATIONAL<\/h2>\r\n                            <p>Airtrans Supply Chain (Shenzhen) Co.,Ltd.<\/p>\r\n                        <\/div><\/div><\/div><div class='row' style=''><div class='col-md-12 triggerAnimation animated' style='' data-animate='fadeInUp'><div class='cma-wysiwyg-editor'><div class=\"cma-wysiwyg-editor\"><p>Services internationaux de livraison express porte \u00e0 porte dans plus de 200 pays et territoires.<\/p><\/div><div class=\"cma-wysiwyg-editor\"><p>Airtrans Supply Chain vous offre une large gamme d'options et de prix pour le commerce \u00e9lectronique international et les services de colis. Nous pouvons organiser l'exportation et l'importation de la Chine vers le monde entier.<\/p><\/div><div class=\"cma-wysiwyg-editor\"><p>Mais plus encore, nous utilisons notre expertise et nos innovations pour am\u00e9liorer l'exp\u00e9rience de livraison de vos clients et r\u00e9duire le temps et les co\u00fbts de gestion de vos livraisons transfrontali\u00e8res.<\/p><\/div><\/div><\/div><\/div><\/section><\/section>","protected":false},"excerpt":{"rendered":"","protected":false},"author":1,"featured_media":0,"parent":0,"menu_order":0,"comment_status":"closed","ping_status":"closed","template":"","meta":{"inline_featured_image":false,"footnotes":""},"class_list":["post-1234","page","type-page","status-publish","hentry"],"_links":{"self":[{"href":"https:\/\/www.airtrans-sc.cn\/fr\/wp-json\/wp\/v2\/pages\/1234","targetHints":{"allow":["GET"]}}],"collection":[{"href":"https:\/\/www.airtrans-sc.cn\/fr\/wp-json\/wp\/v2\/pages"}],"about":[{"href":"https:\/\/www.airtrans-sc.cn\/fr\/wp-json\/wp\/v2\/types\/page"}],"author":[{"embeddable":true,"href":"https:\/\/www.airtrans-sc.cn\/fr\/wp-json\/wp\/v2\/users\/1"}],"replies":[{"embeddable":true,"href":"https:\/\/www.airtrans-sc.cn\/fr\/wp-json\/wp\/v2\/comments?post=1234"}],"version-history":[{"count":2,"href":"https:\/\/www.airtrans-sc.cn\/fr\/wp-json\/wp\/v2\/pages\/1234\/revisions"}],"predecessor-version":[{"id":1237,"href":"https:\/\/www.airtrans-sc.cn\/fr\/wp-json\/wp\/v2\/pages\/1234\/revisions\/1237"}],"wp:attachment":[{"href":"https:\/\/www.airtrans-sc.cn\/fr\/wp-json\/wp\/v2\/media?parent=1234"}],"curies":[{"name":"wp","href":"https:\/\/api.w.org\/{rel}","templated":true}]}}