{"id":1239,"date":"2024-12-20T17:04:07","date_gmt":"2024-12-20T17:04:07","guid":{"rendered":"https:\/\/www.airtrans-sc.cn\/?page_id=1239"},"modified":"2024-12-20T17:04:27","modified_gmt":"2024-12-20T17:04:27","slug":"road-transport","status":"publish","type":"page","link":"https:\/\/www.airtrans-sc.cn\/fr\/transport-routier-2\/","title":{"rendered":"Transport routier"},"content":{"rendered":"<section class='page-content' style=''  ><section class='container'><div class='row' style=''><div class='col-md-12 triggerAnimation animated' style='' data-animate='fadeInUp'><div class='custom-heading02'>\r\n                            <h2>TRANSPORT ROUTIER<\/h2>\r\n                            <p>Airtrans Supply Chain (Shenzhen) Co.,Ltd.<\/p>\r\n                        <\/div><\/div><\/div><div class='row' style=''><div class='col-md-12 triggerAnimation animated' style='' data-animate='fadeInUp'><div class='cma-wysiwyg-editor'><div class=\"cma-wysiwyg-editor\"><p>Toutes les marchandises transport\u00e9es par voie a\u00e9rienne ou maritime n\u00e9cessitent un transport par camion \u00e0 un moment ou \u00e0 un autre. Soit avant le d\u00e9part de l'avion ou du navire pour les exp\u00e9ditions \u00e0 l'exportation, soit \u00e0 l'arriv\u00e9e pour les importations. C'est pourquoi Airtrans Supply Chain entretient des liens \u00e9troits avec de nombreuses entreprises de camionnage, couvrant toute la Chine. Nos propres flottes de v\u00e9hicules restent g\u00e9n\u00e9ralement \u00e0 Shenzhen, pr\u00eates \u00e0 vous servir sur place. Des chargements de camions combin\u00e9s ou complets avec des d\u00e9parts quotidiens peuvent \u00eatre propos\u00e9s entre Shenzhen et n'importe quel a\u00e9roport en Chine.<\/p><\/div><div class=\"cma-wysiwyg-editor\"><p>Airtrans Supply Chain Logistics est \u00e9galement sp\u00e9cialis\u00e9 dans le transport entre Shenzhen et Hong Kong. Nous disposons d'un nombre suffisant de v\u00e9hicules pour le transport express Hong Kong-Chine, ce qui nous permet d'offrir un service rapide, s\u00fbr et de haute qualit\u00e9.<\/p><\/div><div class=\"cma-wysiwyg-editor\"><p>Pour r\u00e9pondre aux besoins des diff\u00e9rents clients et \u00e0 la taille des cargaisons, nous coordonnons les camions relatifs ou consolidons les cargaisons pour assurer la rentabilit\u00e9 de l'exp\u00e9dition. En m\u00eame temps, nos prix restent comp\u00e9titifs sur ce march\u00e9.<\/p><\/div><div class=\"cma-wysiwyg-editor\"><p>Qu'il s'agisse d'un chargement complet de conteneurs de fret maritime, de livraisons ou de collectes de colis ou de transport d\u00e9di\u00e9 : Airtrans Supply Chain offre tout cela. N'h\u00e9sitez pas \u00e0 nous contacter pour toute question.<\/p><\/div><\/div><\/div><\/div><\/section><\/section>","protected":false},"excerpt":{"rendered":"","protected":false},"author":1,"featured_media":0,"parent":0,"menu_order":0,"comment_status":"closed","ping_status":"closed","template":"","meta":{"inline_featured_image":false,"footnotes":""},"class_list":["post-1239","page","type-page","status-publish","hentry"],"_links":{"self":[{"href":"https:\/\/www.airtrans-sc.cn\/fr\/wp-json\/wp\/v2\/pages\/1239","targetHints":{"allow":["GET"]}}],"collection":[{"href":"https:\/\/www.airtrans-sc.cn\/fr\/wp-json\/wp\/v2\/pages"}],"about":[{"href":"https:\/\/www.airtrans-sc.cn\/fr\/wp-json\/wp\/v2\/types\/page"}],"author":[{"embeddable":true,"href":"https:\/\/www.airtrans-sc.cn\/fr\/wp-json\/wp\/v2\/users\/1"}],"replies":[{"embeddable":true,"href":"https:\/\/www.airtrans-sc.cn\/fr\/wp-json\/wp\/v2\/comments?post=1239"}],"version-history":[{"count":2,"href":"https:\/\/www.airtrans-sc.cn\/fr\/wp-json\/wp\/v2\/pages\/1239\/revisions"}],"predecessor-version":[{"id":1241,"href":"https:\/\/www.airtrans-sc.cn\/fr\/wp-json\/wp\/v2\/pages\/1239\/revisions\/1241"}],"wp:attachment":[{"href":"https:\/\/www.airtrans-sc.cn\/fr\/wp-json\/wp\/v2\/media?parent=1239"}],"curies":[{"name":"wp","href":"https:\/\/api.w.org\/{rel}","templated":true}]}}