{"id":1244,"date":"2024-12-20T17:07:00","date_gmt":"2024-12-20T17:07:00","guid":{"rendered":"https:\/\/www.airtrans-sc.cn\/?page_id=1244"},"modified":"2024-12-20T17:07:00","modified_gmt":"2024-12-20T17:07:00","slug":"warehousing","status":"publish","type":"page","link":"https:\/\/www.airtrans-sc.cn\/fr\/entreposage-2\/","title":{"rendered":"Entreposage"},"content":{"rendered":"<section class='page-content' style=''  ><section class='container'><div class='row' style=''><div class='col-md-12 triggerAnimation animated' style='' data-animate='fadeInUp'><div class='custom-heading02'>\r\n                            <h2>ENTREPOSAGE<\/h2>\r\n                            <p>Airtrans Supply Chain (Shenzhen) Co.,Ltd.<\/p>\r\n                        <\/div><\/div><\/div><div class='row' style=''><div class='col-md-12 triggerAnimation animated' style='' data-animate='fadeInUp'><div class='cma-wysiwyg-editor'><div class=\"cma-wysiwyg-editor\"><p>Airtrans Supply Chain peut offrir toute forme de stockage, que ce soit pour quelques jours ou pour des p\u00e9riodes plus longues. Quelle que soit votre gamme de produits, Airtrans Supply Chain peut vous proposer des solutions logistiques sur mesure qui r\u00e9pondent \u00e0 des exigences particuli\u00e8res en mati\u00e8re de temp\u00e9rature, de s\u00e9curit\u00e9 et de douane si n\u00e9cessaire.<\/p><\/div><div class=\"cma-wysiwyg-editor\"><p>Pour les projets 3PL plus \u00e9labor\u00e9s comprenant le traitement des commandes, le WMS, l'emballage et la documentation, nous nous sommes associ\u00e9s \u00e0 un acteur fiable dans ce domaine. Gr\u00e2ce \u00e0 nos relations \u00e9troites et au grand nombre de clients satisfaits dans notre base de donn\u00e9es commune, nous vous proposons des tarifs avantageux et une gestion flexible.<\/p><\/div><div class=\"cma-wysiwyg-editor\"><p>Notre \u00e9quipe d'entreposage est bien form\u00e9e pour traiter tous les types de cargaisons que notre industrie offre.<\/p><p>+ 1000 positions de palettes<\/p><p>+ 5000 m\u00b2 de surface au sol<\/p><p>Syst\u00e8me de gestion d'entrep\u00f4t \u00e0 la pointe de la technologie<\/p><\/div><\/div><\/div><\/div><\/section><\/section>","protected":false},"excerpt":{"rendered":"","protected":false},"author":1,"featured_media":0,"parent":0,"menu_order":0,"comment_status":"closed","ping_status":"closed","template":"","meta":{"inline_featured_image":false,"footnotes":""},"class_list":["post-1244","page","type-page","status-publish","hentry"],"_links":{"self":[{"href":"https:\/\/www.airtrans-sc.cn\/fr\/wp-json\/wp\/v2\/pages\/1244","targetHints":{"allow":["GET"]}}],"collection":[{"href":"https:\/\/www.airtrans-sc.cn\/fr\/wp-json\/wp\/v2\/pages"}],"about":[{"href":"https:\/\/www.airtrans-sc.cn\/fr\/wp-json\/wp\/v2\/types\/page"}],"author":[{"embeddable":true,"href":"https:\/\/www.airtrans-sc.cn\/fr\/wp-json\/wp\/v2\/users\/1"}],"replies":[{"embeddable":true,"href":"https:\/\/www.airtrans-sc.cn\/fr\/wp-json\/wp\/v2\/comments?post=1244"}],"version-history":[{"count":1,"href":"https:\/\/www.airtrans-sc.cn\/fr\/wp-json\/wp\/v2\/pages\/1244\/revisions"}],"predecessor-version":[{"id":1245,"href":"https:\/\/www.airtrans-sc.cn\/fr\/wp-json\/wp\/v2\/pages\/1244\/revisions\/1245"}],"wp:attachment":[{"href":"https:\/\/www.airtrans-sc.cn\/fr\/wp-json\/wp\/v2\/media?parent=1244"}],"curies":[{"name":"wp","href":"https:\/\/api.w.org\/{rel}","templated":true}]}}