{"id":1248,"date":"2024-12-20T17:08:54","date_gmt":"2024-12-20T17:08:54","guid":{"rendered":"https:\/\/www.airtrans-sc.cn\/?page_id=1248"},"modified":"2024-12-20T17:08:54","modified_gmt":"2024-12-20T17:08:54","slug":"customs","status":"publish","type":"page","link":"https:\/\/www.airtrans-sc.cn\/fr\/douanes-2\/","title":{"rendered":"Douanes"},"content":{"rendered":"<section class='page-content' style=''  ><section class='container'><div class='row' style=''><div class='col-md-12 triggerAnimation animated' style='' data-animate='fadeInUp'><div class='custom-heading02'>\r\n                            <h2>CLIENTS<\/h2>\r\n                            <p>Airtrans Supply Chain (Shenzhen) Co.,Ltd.<\/p>\r\n                        <\/div><\/div><\/div><div class='row' style=''><div class='col-md-12 triggerAnimation animated' style='' data-animate='fadeInUp'><div class='cma-wysiwyg-editor'><div class=\"cma-wysiwyg-editor\"><p>Airtrans Supply Chain poss\u00e8de une expertise dans le domaine du commerce international de marchandises. Nous pouvons fournir \u00e0 nos clients, entre autres, des services de d\u00e9claration et d'inspection douani\u00e8res \u00e0 l'importation et \u00e0 l'exportation, de conception de plans d'affaires douaniers et de consultation en mati\u00e8re de litiges douaniers. Une fois que vous aurez d\u00e9cid\u00e9 de coop\u00e9rer avec nous, vous gagnerez un partenaire commercial et toutes les proc\u00e9dures douani\u00e8res deviendront simples et transparentes.<\/p><\/div><div class=\"cma-wysiwyg-editor\"><p>Vous devrez d'abord nous faire part de vos besoins afin que nous puissions pr\u00e9parer une offre personnalis\u00e9e, individuelle et la plus efficace possible.<\/p><p>Nous proposons les services douaniers professionnels et fiables suivants :<\/p><ul><li>Pr\u00e9paration des documents pour le d\u00e9douanement,<\/li><li>D\u00e9p\u00f4t des d\u00e9clarations en douane,<\/li><li>S\u00e9curisation des taxes et des droits de douane \u00e0 l'importation,<\/li><li>L\u00e9galisation des certificats d'origine,<\/li><li>Autorisation de transit bas\u00e9e sur la proc\u00e9dure de transit commun,<\/li><li>Nous nous chargeons de tous les d\u00e9tails pour que le d\u00e9douanement soit une simple formalit\u00e9 pour vous et votre entreprise.<\/li><\/ul><\/div><div class=\"cma-wysiwyg-editor\"><p>Contactez-nous pour savoir quel type de service choisir. Si vous recherchez la rapidit\u00e9, la fiabilit\u00e9 et la flexibilit\u00e9, choisissez Airtrans Supply Chain.<\/p><\/div><\/div><\/div><\/div><\/section><\/section>","protected":false},"excerpt":{"rendered":"","protected":false},"author":1,"featured_media":0,"parent":0,"menu_order":0,"comment_status":"closed","ping_status":"closed","template":"","meta":{"inline_featured_image":false,"footnotes":""},"class_list":["post-1248","page","type-page","status-publish","hentry"],"_links":{"self":[{"href":"https:\/\/www.airtrans-sc.cn\/fr\/wp-json\/wp\/v2\/pages\/1248","targetHints":{"allow":["GET"]}}],"collection":[{"href":"https:\/\/www.airtrans-sc.cn\/fr\/wp-json\/wp\/v2\/pages"}],"about":[{"href":"https:\/\/www.airtrans-sc.cn\/fr\/wp-json\/wp\/v2\/types\/page"}],"author":[{"embeddable":true,"href":"https:\/\/www.airtrans-sc.cn\/fr\/wp-json\/wp\/v2\/users\/1"}],"replies":[{"embeddable":true,"href":"https:\/\/www.airtrans-sc.cn\/fr\/wp-json\/wp\/v2\/comments?post=1248"}],"version-history":[{"count":1,"href":"https:\/\/www.airtrans-sc.cn\/fr\/wp-json\/wp\/v2\/pages\/1248\/revisions"}],"predecessor-version":[{"id":1249,"href":"https:\/\/www.airtrans-sc.cn\/fr\/wp-json\/wp\/v2\/pages\/1248\/revisions\/1249"}],"wp:attachment":[{"href":"https:\/\/www.airtrans-sc.cn\/fr\/wp-json\/wp\/v2\/media?parent=1248"}],"curies":[{"name":"wp","href":"https:\/\/api.w.org\/{rel}","templated":true}]}}