{"id":1251,"date":"2024-12-20T17:11:11","date_gmt":"2024-12-20T17:11:11","guid":{"rendered":"https:\/\/www.airtrans-sc.cn\/?page_id=1251"},"modified":"2024-12-20T17:11:11","modified_gmt":"2024-12-20T17:11:11","slug":"value-added-services","status":"publish","type":"page","link":"https:\/\/www.airtrans-sc.cn\/fr\/services-a-valeur-ajoutee-2\/","title":{"rendered":"Services \u00e0 valeur ajout\u00e9e"},"content":{"rendered":"<section class='page-content' style=''  ><section class='container'><div class='row' style=''><div class='col-md-12 triggerAnimation animated' style='' data-animate='fadeInUp'><div class='custom-heading02'>\r\n                            <h2>SERVICES \u00c0 VALEUR AJOUT\u00c9E<\/h2>\r\n                            <p>Airtrans Supply Chain (Shenzhen) Co.,Ltd.<\/p>\r\n                        <\/div><\/div><\/div><div class='row' style=''><div class='col-md-12 triggerAnimation animated' style='' data-animate='fadeInUp'><div class='cma-wysiwyg-editor'><p>Gr\u00e2ce \u00e0 notre portefeuille complet de services compl\u00e9mentaires, nous sommes bien \u00e9quip\u00e9s pour assurer le transport sans heurts de tout type de fret et nous sommes \u00e9galement en mesure de fournir d'autres services \u00e0 valeur ajout\u00e9e :<\/p><ul><li>DG transport de marchandises<\/li><li>Traitement des retours<\/li><li>Entrep\u00f4t de transbordement<\/li><li>D\u00e9douanement<\/li><li>Assurance<\/li><li>Soutien \u00e0 la documentation<\/li><li>Chargement des conteneurs<\/li><li>Rayons X<\/li><li>Conseil<\/li><li>Transport mondial par camion<\/li><\/ul><\/div><\/div><\/div><\/section><\/section>","protected":false},"excerpt":{"rendered":"","protected":false},"author":1,"featured_media":0,"parent":0,"menu_order":0,"comment_status":"closed","ping_status":"closed","template":"","meta":{"inline_featured_image":false,"footnotes":""},"class_list":["post-1251","page","type-page","status-publish","hentry"],"_links":{"self":[{"href":"https:\/\/www.airtrans-sc.cn\/fr\/wp-json\/wp\/v2\/pages\/1251","targetHints":{"allow":["GET"]}}],"collection":[{"href":"https:\/\/www.airtrans-sc.cn\/fr\/wp-json\/wp\/v2\/pages"}],"about":[{"href":"https:\/\/www.airtrans-sc.cn\/fr\/wp-json\/wp\/v2\/types\/page"}],"author":[{"embeddable":true,"href":"https:\/\/www.airtrans-sc.cn\/fr\/wp-json\/wp\/v2\/users\/1"}],"replies":[{"embeddable":true,"href":"https:\/\/www.airtrans-sc.cn\/fr\/wp-json\/wp\/v2\/comments?post=1251"}],"version-history":[{"count":1,"href":"https:\/\/www.airtrans-sc.cn\/fr\/wp-json\/wp\/v2\/pages\/1251\/revisions"}],"predecessor-version":[{"id":1253,"href":"https:\/\/www.airtrans-sc.cn\/fr\/wp-json\/wp\/v2\/pages\/1251\/revisions\/1253"}],"wp:attachment":[{"href":"https:\/\/www.airtrans-sc.cn\/fr\/wp-json\/wp\/v2\/media?parent=1251"}],"curies":[{"name":"wp","href":"https:\/\/api.w.org\/{rel}","templated":true}]}}