{"id":142,"date":"2015-09-16T11:26:56","date_gmt":"2015-09-16T11:26:56","guid":{"rendered":"http:\/\/pixel-industry.com\/dummy_wp\/trucking\/?page_id=142"},"modified":"2024-12-20T16:22:24","modified_gmt":"2024-12-20T16:22:24","slug":"about-us","status":"publish","type":"page","link":"https:\/\/www.airtrans-sc.cn\/fr\/a-propos-de-nous\/","title":{"rendered":"\u00c0 propos de nous"},"content":{"rendered":"<section class='page-content' style=''  ><section class='container'><div class='row' style=''><div class='col-md-12 triggerAnimation animated' style='' data-animate='fadeInUp'><div class='custom-heading02'>\r\n                            <h2>Qui sommes-nous ?<\/h2>\r\n                            <p>Airtrans Supply Chain (Shenzhen) Co.,Ltd.<\/p>\r\n                        <\/div><div class='custom-heading'>\r\n                            <h3>Notre ADN<\/h3>                            \r\n                        <\/div><div class='cma-wysiwyg-editor'><p>Airtrans Supply Chain est une \u00e9quipe d\u00e9vou\u00e9e de professionnels de l'exp\u00e9dition de fret international qui se surpasse pour ses clients. Nous op\u00e9rons sur un march\u00e9 hautement comp\u00e9titif et nous nous engageons \u00e0 offrir le meilleur rapport qualit\u00e9-prix du march\u00e9. Nous nous effor\u00e7ons toujours de d\u00e9passer vos attentes.<\/p><\/div><div class='custom-heading'>\r\n                            <h3>Orient\u00e9 vers les objectifs<\/h3>                            \r\n                        <\/div><div class='cma-wysiwyg-editor'><p>Nous sommes orient\u00e9s vers des objectifs dans tout ce que nous faisons. Nous sommes d\u00e9termin\u00e9s \u00e0 aider nos clients \u00e0 atteindre leurs objectifs, la satisfaction du client \u00e9tant un objectif important de nos efforts. En gardant l'objectif \u00e0 l'esprit, nous coop\u00e9rons avec nos clients, nos partenaires et notre personnel pour d\u00e9terminer la meilleure fa\u00e7on de l'atteindre. Nous ne nous concentrons pas sur les moyens ou les processus, mais sur la r\u00e9alisation du travail de la meilleure fa\u00e7on possible.<\/p><\/div><div class='custom-heading'>\r\n                            <h3>R\u00e9seau<\/h3>                            \r\n                        <\/div><div class='cma-wysiwyg-editor'><p>Airtrans Supply Chain est fi\u00e8re de faire partie de plusieurs r\u00e9seaux mondiaux \u00e9tendus de sp\u00e9cialistes du fret, \u00e9galement engag\u00e9s dans la qualit\u00e9. Bas\u00e9s \u00e0 Shenzhen, nos r\u00e9seaux mondiaux nous permettent de garantir l'exp\u00e9dition de tout, partout et \u00e0 tout moment.<\/p><\/div><div class='custom-heading'>\r\n                            <h3>Faire un effort suppl\u00e9mentaire<\/h3>                            \r\n                        <\/div><div class='cma-wysiwyg-editor'><p>Airtrans Supply Chain offre tous les services. De l'entreposage \u00e0 la consolidation, en passant par le fret a\u00e9rien, le fret maritime, la messagerie et l'affr\u00e8tement.\u00a0<a href=\"http:\/\/liftfreight.com\/contact\/\"><u>Nous sommes disponibles 24 heures sur 24 et 7 jours sur 7 pour vous aider.<\/u><\/a><\/p><\/div><\/div><\/div><\/section><\/section><section class='page-content' style=''  ><section class='container'><div class='row' style=''><div class='col-md-12 triggerAnimation animated' style='' data-animate='fadeInUp'><div class='custom-heading02 simple'>\r\n                            <h2>ASC FACTS 2023<\/h2>\r\n                        <\/div><\/div><\/div><\/section><\/section><section class='page-content' style=''  ><section class='container'><div class='row' style='margin-bottom: -303px ;margin-top: 0px;'><div class='col-md-3 triggerAnimation animated' style='' data-animate='fadeInUp'><div class='numbers-counter'>                            \r\n                            <div class='counter-container'>\r\n                                <span class='timer number' data-to='948' data-speed='1500'>948<\/span>\r\n                            <\/div>\r\n                            \r\n                            <p>EXP\u00c9DITIONS<\/p>\r\n                        <\/div><div class='services-element service-icon-center'>\r\n                            <div class='icon-container'>\r\n                                <div class='icon' >\r\n                                   <i class='fa fa fa-inbox'><\/i>\r\n                                <\/div>\r\n                            <\/div>\r\n\r\n                            <h4>\u3000<\/h4>\r\n\r\n                            <p><\/p>\r\n                        <\/div><\/div><div class='col-md-3 triggerAnimation animated' style='' data-animate='fadeInUp'><div class='numbers-counter'>                            \r\n                            <div class='counter-container'>\r\n                                <span class='timer number' data-to='856' data-speed='1500'>856<\/span>\r\n                            <\/div>\r\n                            \r\n                            <p>TONNES<\/p>\r\n                        <\/div><div class='services-element service-icon-center'>\r\n                            <div class='icon-container'>\r\n                                <div class='icon' >\r\n                                   <i class='fa fa fa-plane'><\/i>\r\n                                <\/div>\r\n                            <\/div>\r\n\r\n                            <h4>\u3000<\/h4>\r\n\r\n                            <p><\/p>\r\n                        <\/div><\/div><div class='col-md-3 triggerAnimation animated' style='' data-animate='fadeInUp'><div class='numbers-counter'>                            \r\n                            <div class='counter-container'>\r\n                                <span class='timer number' data-to='162' data-speed='1500'>162<\/span>\r\n                            <\/div>\r\n                            \r\n                            <p>CLIENTS ACTIFS<\/p>\r\n                        <\/div><div class='services-element service-icon-center'>\r\n                            <div class='icon-container'>\r\n                                <div class='icon' >\r\n                                   <i class='fa fa fa-user'><\/i>\r\n                                <\/div>\r\n                            <\/div>\r\n\r\n                            <h4>\u3000<\/h4>\r\n\r\n                            <p><\/p>\r\n                        <\/div><\/div><div class='col-md-3 triggerAnimation animated' style='' data-animate='fadeInUp'><div class='numbers-counter'>                            \r\n                            <div class='counter-container'>\r\n                                <span class='timer number' data-to='29' data-speed='1500'>29<\/span>\r\n                            <\/div>\r\n                            \r\n                            <p>CLASSEMENT<\/p>\r\n                        <\/div><div class='services-element service-icon-center'>\r\n                            <div class='icon-container'>\r\n                                <div class='icon' >\r\n                                   <i class='fa fa fa-check'><\/i>\r\n                                <\/div>\r\n                            <\/div>\r\n\r\n                            <h4>\u3000<\/h4>\r\n\r\n                            <p><\/p>\r\n                        <\/div><\/div><\/div><\/section><\/section>","protected":false},"excerpt":{"rendered":"","protected":false},"author":1,"featured_media":0,"parent":0,"menu_order":0,"comment_status":"closed","ping_status":"closed","template":"","meta":{"inline_featured_image":false,"footnotes":""},"class_list":["post-142","page","type-page","status-publish","hentry"],"_links":{"self":[{"href":"https:\/\/www.airtrans-sc.cn\/fr\/wp-json\/wp\/v2\/pages\/142","targetHints":{"allow":["GET"]}}],"collection":[{"href":"https:\/\/www.airtrans-sc.cn\/fr\/wp-json\/wp\/v2\/pages"}],"about":[{"href":"https:\/\/www.airtrans-sc.cn\/fr\/wp-json\/wp\/v2\/types\/page"}],"author":[{"embeddable":true,"href":"https:\/\/www.airtrans-sc.cn\/fr\/wp-json\/wp\/v2\/users\/1"}],"replies":[{"embeddable":true,"href":"https:\/\/www.airtrans-sc.cn\/fr\/wp-json\/wp\/v2\/comments?post=142"}],"version-history":[{"count":47,"href":"https:\/\/www.airtrans-sc.cn\/fr\/wp-json\/wp\/v2\/pages\/142\/revisions"}],"predecessor-version":[{"id":885,"href":"https:\/\/www.airtrans-sc.cn\/fr\/wp-json\/wp\/v2\/pages\/142\/revisions\/885"}],"wp:attachment":[{"href":"https:\/\/www.airtrans-sc.cn\/fr\/wp-json\/wp\/v2\/media?parent=142"}],"curies":[{"name":"wp","href":"https:\/\/api.w.org\/{rel}","templated":true}]}}