{"id":968,"date":"2024-12-12T08:09:21","date_gmt":"2024-12-12T08:09:21","guid":{"rendered":"https:\/\/www.airtrans-sc.cn\/?page_id=968"},"modified":"2024-12-13T06:36:37","modified_gmt":"2024-12-13T06:36:37","slug":"tools","status":"publish","type":"page","link":"https:\/\/www.airtrans-sc.cn\/fr\/outils\/","title":{"rendered":"Outils"},"content":{"rendered":"<section class='page-content' style=''  ><section class='container'><div class='row' style=''><div class='col-md-12 triggerAnimation animated' style='' data-animate='fadeInUp'><div class='custom-heading02 simple'>\r\n                            <h3>OUTILS<\/h3>\r\n                        <\/div><\/div><\/div><div class='row' style=''><div class='col-md-4 triggerAnimation animated' style='' data-animate='fadeInUp'><div class='services-element service-icon-center'>\r\n                            <div class='icon-container'>\r\n                                <div class='icon' >\r\n                                   <i class='fa fa fa-qrcode'><\/i>\r\n                                <\/div>\r\n                            <\/div>\r\n\r\n                            <a href='https:\/\/www.365area.com\/hscode\/' target='_BLANK'><h3>CODE SH<\/h3><\/a>\r\n\r\n                            <p>365AREA HS CODE <\/BR>Index tarifaire et navigation rapide<\/p>\r\n                        <\/div><div class='services-element service-icon-center'>\r\n                            <div class='icon-container'>\r\n                                <div class='icon' >\r\n                                   <i class='fa fa fa-cubes'><\/i>\r\n                                <\/div>\r\n                            <\/div>\r\n\r\n                            <a href='https:\/\/www.vesselfinder.com\/' target='_BLANK'><h3>Suivi des conteneurs<\/h3><\/a>\r\n\r\n                            <p>SUIVI DES CONTENEURS API &amp; WEB<\/BR>Syst\u00e8me de suivi et de tra\u00e7abilit\u00e9 des conteneurs en temps r\u00e9el<\/p>\r\n                        <\/div><div class='services-element service-icon-center'>\r\n                            <div class='icon-container'>\r\n                                <div class='icon' >\r\n                                   <i class='fa fa fa-graduation-cap'><\/i>\r\n                                <\/div>\r\n                            <\/div>\r\n\r\n                            <a href='http:\/\/202.127.48.145:8888\/zscq\/search\/jsp\/vBrandSearchIndex.jsp' target='_BLANK'><h3>Demande de d\u00e9p\u00f4t de propri\u00e9t\u00e9 intellectuelle<\/h3><\/a>\r\n\r\n                            <p>IPR CUSTOMS <\/BR>Sous-syst\u00e8me d'archivage de protection<\/p>\r\n                        <\/div><\/div><div class='col-md-4 triggerAnimation animated' style='' data-animate='fadeInUp'><div class='services-element service-icon-center'>\r\n                            <div class='icon-container'>\r\n                                <div class='icon' >\r\n                                   <i class='fa fa fa-cogs'><\/i>\r\n                                <\/div>\r\n                            <\/div>\r\n\r\n                            <a href='http:\/\/query.customs.gov.cn\/MNFTQ\/' target='_BLANK'><h3>Statut personnalis\u00e9<\/h3><\/a>\r\n\r\n                            <p>L'ADMINISTRATION G\u00c9N\u00c9RALE <\/BR>Des coutumes de la r\u00e9publique populaire de Chine<\/p>\r\n                        <\/div><div class='services-element service-icon-center'>\r\n                            <div class='icon-container'>\r\n                                <div class='icon' >\r\n                                   <i class='fa fa fa-dropbox'><\/i>\r\n                                <\/div>\r\n                            <\/div>\r\n\r\n                            <a href='https:\/\/www.17track.net\/en' target='_BLANK'><h3>Suivi express<\/h3><\/a>\r\n\r\n                            <p>SUIVI DES COLIS TOUT-EN-UN<\/BR>Prise en charge de plus de 2500 transporteurs et de plus de 190 compagnies a\u00e9riennes dans le monde entier<\/p>\r\n                        <\/div><div class='services-element service-icon-center'>\r\n                            <div class='icon-container'>\r\n                                <div class='icon' >\r\n                                   <i class='fa fa fa-paper-plane'><\/i>\r\n                                <\/div>\r\n                            <\/div>\r\n\r\n                            <a href='https:\/\/www.flightradar24.com\/' target='_BLANK'><h3>Radar de vol<\/h3><\/a>\r\n\r\n                            <p>24 TRAFIC A\u00c9RIEN EN DIRECT<\/BR>Trouver des vols, des a\u00e9roports et plus encore<\/p>\r\n                        <\/div><\/div><div class='col-md-4 triggerAnimation animated' style='' data-animate='fadeInUp'><div class='services-element service-icon-center'>\r\n                            <div class='icon-container'>\r\n                                <div class='icon' >\r\n                                   <i class='fa fa fa-plane'><\/i>\r\n                                <\/div>\r\n                            <\/div>\r\n\r\n                            <a href='https:\/\/www.track-trace.com\/aircargo' target='_BLANK'><h3>Suivi du fret a\u00e9rien<\/h3><\/a>\r\n\r\n                            <p>SUIVRE LE FRET A\u00c9RIEN<\/BR>Pour 237 compagnies a\u00e9riennes, cliquez ici<\/p>\r\n                        <\/div><div class='services-element service-icon-center'>\r\n                            <div class='icon-container'>\r\n                                <div class='icon' >\r\n                                   <i class='fa fa fa-search'><\/i>\r\n                                <\/div>\r\n                            <\/div>\r\n\r\n                            <a href='https:\/\/airportcodes.aero\/' target='_BLANK'><h3>Recherche de codes d'a\u00e9roport<\/h3><\/a>\r\n\r\n                            <p>CODES D'A\u00c9ROPORT<\/BR>Tous les codes des a\u00e9roports du monde<\/p>\r\n                        <\/div><div class='services-element service-icon-center'>\r\n                            <div class='icon-container'>\r\n                                <div class='icon' >\r\n                                   <i class='fa fa fa-ship'><\/i>\r\n                                <\/div>\r\n                            <\/div>\r\n\r\n                            <a href='https:\/\/www.track-trace.com\/container' target='_BLANK'><h3>Suivi des navires<\/h3><\/a>\r\n\r\n                            <p>CONTENEURS DE VOIES FERR\u00c9ES <\/BR>Pour 171 entreprises ici<\/p>\r\n                        <\/div><\/div><\/div><div class='row' style=''><div class='col-md-12 triggerAnimation animated' style='' data-animate='fadeInUp'><div class='custom-heading centered'>\r\n                            <h2>TABLEAU DE R\u00c9F\u00c9RENCE RAPIDE INCOTERMS\u00a9 2020<\/h2>\r\n                        <\/div><img src='https:\/\/www.airtrans-sc.cn\/wp-content\/uploads\/2024\/12\/r2_c2.jpg' class='center' title='r2_c2' alt='r2_c2' width='1210' height='748'\/><div class='clearfix'><\/div><\/div><\/div><\/section><\/section>","protected":false},"excerpt":{"rendered":"","protected":false},"author":1,"featured_media":0,"parent":0,"menu_order":0,"comment_status":"closed","ping_status":"closed","template":"","meta":{"inline_featured_image":false,"footnotes":""},"class_list":["post-968","page","type-page","status-publish","hentry"],"_links":{"self":[{"href":"https:\/\/www.airtrans-sc.cn\/fr\/wp-json\/wp\/v2\/pages\/968","targetHints":{"allow":["GET"]}}],"collection":[{"href":"https:\/\/www.airtrans-sc.cn\/fr\/wp-json\/wp\/v2\/pages"}],"about":[{"href":"https:\/\/www.airtrans-sc.cn\/fr\/wp-json\/wp\/v2\/types\/page"}],"author":[{"embeddable":true,"href":"https:\/\/www.airtrans-sc.cn\/fr\/wp-json\/wp\/v2\/users\/1"}],"replies":[{"embeddable":true,"href":"https:\/\/www.airtrans-sc.cn\/fr\/wp-json\/wp\/v2\/comments?post=968"}],"version-history":[{"count":15,"href":"https:\/\/www.airtrans-sc.cn\/fr\/wp-json\/wp\/v2\/pages\/968\/revisions"}],"predecessor-version":[{"id":1058,"href":"https:\/\/www.airtrans-sc.cn\/fr\/wp-json\/wp\/v2\/pages\/968\/revisions\/1058"}],"wp:attachment":[{"href":"https:\/\/www.airtrans-sc.cn\/fr\/wp-json\/wp\/v2\/media?parent=968"}],"curies":[{"name":"wp","href":"https:\/\/api.w.org\/{rel}","templated":true}]}}